{"id":350372,"date":"2026-03-08T01:33:32","date_gmt":"2026-03-08T00:33:32","guid":{"rendered":"https:\/\/grupotextil.es\/producto\/babero-bandana\/"},"modified":"2026-03-08T01:33:32","modified_gmt":"2026-03-08T00:33:32","slug":"babero-bandana","status":"publish","type":"product","link":"https:\/\/grupotextil.es\/ca\/product\/babero-bandana\/","title":{"rendered":"Babero bandana"},"content":{"rendered":"<ul>\n<li>200 g\/m\u00b2<\/li>\n<li>100% algod\u00f3n ring spun y peinado (en algunos modelos algod\u00f3n org\u00e1nico)<\/li>\n<li>Heather Grey Melange: 85% algod\u00f3n, 15% poli\u00e9ster<\/li>\n<li>Tejido de punto<\/li>\n<li>Doble capa para mayor resistencia y absorci\u00f3n<\/li>\n<li>Cierre ajustable en la espalda para mayor confort<\/li>\n<li>Etiqueta extra\u00edble para f\u00e1cil re-etiquetado<\/li>\n<\/ul>","protected":false},"excerpt":{"rendered":"<p>200 g\/m\u00b2100% algod\u00f3n ring spun y peinado (en algunos modelos algod\u00f3n org\u00e1nico)Heather Grey Melange: 85% algod\u00f3n, 15% poli\u00e9sterTejido de puntoDoble capa para mayor resistencia y absorci\u00f3nCierre ajustab<\/p>","protected":false},"featured_media":406537,"comment_status":"open","ping_status":"closed","template":"","meta":{"_acf_changed":false},"product_brand":[11662],"product_cat":[13977,13974,13975,13973],"product_tag":[],"class_list":{"0":"post-350372","1":"product","2":"type-product","3":"status-publish","4":"has-post-thumbnail","6":"product_brand-babybugz","7":"product_cat-h-camisetas-manga-corta","8":"product_cat-ropa-hombre","9":"product_cat-ropa-mujer","10":"product_cat-ropa","11":"tm-no-options","13":"first","14":"instock","15":"taxable","16":"shipping-taxable","17":"product-type-variable"},"acf":[],"_links":{"self":[{"href":"https:\/\/grupotextil.es\/ca\/wp-json\/wp\/v2\/product\/350372","targetHints":{"allow":["GET"]}}],"collection":[{"href":"https:\/\/grupotextil.es\/ca\/wp-json\/wp\/v2\/product"}],"about":[{"href":"https:\/\/grupotextil.es\/ca\/wp-json\/wp\/v2\/types\/product"}],"replies":[{"embeddable":true,"href":"https:\/\/grupotextil.es\/ca\/wp-json\/wp\/v2\/comments?post=350372"}],"wp:featuredmedia":[{"embeddable":true,"href":"https:\/\/grupotextil.es\/ca\/wp-json\/wp\/v2\/media\/406537"}],"wp:attachment":[{"href":"https:\/\/grupotextil.es\/ca\/wp-json\/wp\/v2\/media?parent=350372"}],"wp:term":[{"taxonomy":"product_brand","embeddable":true,"href":"https:\/\/grupotextil.es\/ca\/wp-json\/wp\/v2\/product_brand?post=350372"},{"taxonomy":"product_cat","embeddable":true,"href":"https:\/\/grupotextil.es\/ca\/wp-json\/wp\/v2\/product_cat?post=350372"},{"taxonomy":"product_tag","embeddable":true,"href":"https:\/\/grupotextil.es\/ca\/wp-json\/wp\/v2\/product_tag?post=350372"}],"curies":[{"name":"wp","href":"https:\/\/api.w.org\/{rel}","templated":true}]}}