{"id":350443,"date":"2026-03-08T01:33:37","date_gmt":"2026-03-08T00:33:37","guid":{"rendered":"https:\/\/grupotextil.es\/producto\/mochila-para-portatil-interlaken-alpine\/"},"modified":"2026-03-08T01:33:37","modified_gmt":"2026-03-08T00:33:37","slug":"mochila-para-portatil-interlaken-alpine","status":"publish","type":"product","link":"https:\/\/grupotextil.es\/ca\/product\/mochila-para-portatil-interlaken-alpine\/","title":{"rendered":"Mochila para port\u00e1til Interlaken Alpine"},"content":{"rendered":"<ul>\n<li>100% poli\u00e9ster (210D, panal peque\u00f1o)<\/li>\n<li>Elegante y lujosa mochila ejecutiva para port\u00e1til<\/li>\n<li>Asa de mano y correas acolchadas para los hombros<\/li>\n<li>Correa trasera acolchada para maleta<\/li>\n<li>Compartimento principal con cremallera y bolsillo acolchado apto para port\u00e1tiles de hasta 15,6<\/li>\n<li>Compartimento frontal con cremallera y dos bolsillos internos para mayor organizaci\u00f3n<\/li>\n<li>Compartimento frontal superior con cremallera<\/li>\n<li>Compartimento frontal inferior profundo con cremallera perfecto para guardar accesorios del port\u00e1til<\/li>\n<li>Conexi\u00f3n USB a un cargador interno (no incluido)<\/li>\n<li>Capacidad: 21 Litros<\/li>\n<li>Medidas: 30 x 16 x 45 cm<\/li>\n<li>Apropiado para serigraf\u00eda, impresi\u00f3n por transfer y bordado<\/li>\n<li>M\u00e1x. bordado: 10 aro tubular<\/li>\n<li>M\u00e1x. \u00e1rea de impresi\u00f3n: 10 x 17 cm<\/li>\n<\/ul>","protected":false},"excerpt":{"rendered":"<p>100% poli\u00e9ster (210D, panal peque\u00f1o)Elegante y lujosa mochila ejecutiva para port\u00e1tilAsa de mano y correas acolchadas para los hombrosCorrea trasera acolchada para maletaCompartimento principal con&#8230;<\/p>","protected":false},"featured_media":406562,"comment_status":"open","ping_status":"closed","template":"","meta":{"_acf_changed":false},"product_brand":[11660],"product_cat":[13977,13974,13975,13973],"product_tag":[],"class_list":{"0":"post-350443","1":"product","2":"type-product","3":"status-publish","4":"has-post-thumbnail","6":"product_brand-shugon","7":"product_cat-h-camisetas-manga-corta","8":"product_cat-ropa-hombre","9":"product_cat-ropa-mujer","10":"product_cat-ropa","11":"tm-no-options","13":"first","14":"instock","15":"taxable","16":"shipping-taxable","17":"product-type-variable"},"acf":[],"_links":{"self":[{"href":"https:\/\/grupotextil.es\/ca\/wp-json\/wp\/v2\/product\/350443","targetHints":{"allow":["GET"]}}],"collection":[{"href":"https:\/\/grupotextil.es\/ca\/wp-json\/wp\/v2\/product"}],"about":[{"href":"https:\/\/grupotextil.es\/ca\/wp-json\/wp\/v2\/types\/product"}],"replies":[{"embeddable":true,"href":"https:\/\/grupotextil.es\/ca\/wp-json\/wp\/v2\/comments?post=350443"}],"wp:featuredmedia":[{"embeddable":true,"href":"https:\/\/grupotextil.es\/ca\/wp-json\/wp\/v2\/media\/406562"}],"wp:attachment":[{"href":"https:\/\/grupotextil.es\/ca\/wp-json\/wp\/v2\/media?parent=350443"}],"wp:term":[{"taxonomy":"product_brand","embeddable":true,"href":"https:\/\/grupotextil.es\/ca\/wp-json\/wp\/v2\/product_brand?post=350443"},{"taxonomy":"product_cat","embeddable":true,"href":"https:\/\/grupotextil.es\/ca\/wp-json\/wp\/v2\/product_cat?post=350443"},{"taxonomy":"product_tag","embeddable":true,"href":"https:\/\/grupotextil.es\/ca\/wp-json\/wp\/v2\/product_tag?post=350443"}],"curies":[{"name":"wp","href":"https:\/\/api.w.org\/{rel}","templated":true}]}}