{"id":350445,"date":"2026-03-08T01:33:37","date_gmt":"2026-03-08T00:33:37","guid":{"rendered":"https:\/\/grupotextil.es\/producto\/camiseta-active-para-ninos\/"},"modified":"2026-03-08T01:33:37","modified_gmt":"2026-03-08T00:33:37","slug":"camiseta-active-para-ninos","status":"publish","type":"product","link":"https:\/\/grupotextil.es\/ca\/product\/camiseta-active-para-ninos\/","title":{"rendered":"T-Shirt Active para Kidss"},"content":{"rendered":"<ul>\n<li>140 g\/m\u00b2<\/li>\n<li>Malla ojo de p\u00e1jaro 100 % poli\u00e9ster, reciclada, con certificaci\u00f3n RCS<\/li>\n<li>Dise\u00f1ado para ni\u00f1os y ni\u00f1as (g\u00e9nero neutro), desde ni\u00f1os hasta adolescentes.<\/li>\n<li>Mangas ragl\u00e1n<\/li>\n<li>Costuras laterales<\/li>\n<li>Lavable a 60\u00ba<\/li>\n<li>Mangas de ragl\u00e1n<\/li>\n<li>Con costuras laterales<\/li>\n<li>Sin etiqueta, f\u00e1cil de rebrandear<\/li>\n<\/ul>","protected":false},"excerpt":{"rendered":"<p>140 g\/m\u00b2Malla ojo de p\u00e1jaro 100 % poli\u00e9ster, reciclada, con certificaci\u00f3n RCSDise\u00f1ado para ni\u00f1os y ni\u00f1as (g\u00e9nero neutro), desde ni\u00f1os hasta adolescentes.<\/p>","protected":false},"featured_media":406576,"comment_status":"open","ping_status":"closed","template":"","meta":{"_acf_changed":false},"product_brand":[11653],"product_cat":[13977,13974,13975,13973],"product_tag":[],"class_list":{"0":"post-350445","1":"product","2":"type-product","3":"status-publish","4":"has-post-thumbnail","6":"product_brand-b-c","7":"product_cat-h-camisetas-manga-corta","8":"product_cat-ropa-hombre","9":"product_cat-ropa-mujer","10":"product_cat-ropa","11":"tm-no-options","13":"first","14":"instock","15":"taxable","16":"shipping-taxable","17":"product-type-variable"},"acf":[],"_links":{"self":[{"href":"https:\/\/grupotextil.es\/ca\/wp-json\/wp\/v2\/product\/350445","targetHints":{"allow":["GET"]}}],"collection":[{"href":"https:\/\/grupotextil.es\/ca\/wp-json\/wp\/v2\/product"}],"about":[{"href":"https:\/\/grupotextil.es\/ca\/wp-json\/wp\/v2\/types\/product"}],"replies":[{"embeddable":true,"href":"https:\/\/grupotextil.es\/ca\/wp-json\/wp\/v2\/comments?post=350445"}],"wp:featuredmedia":[{"embeddable":true,"href":"https:\/\/grupotextil.es\/ca\/wp-json\/wp\/v2\/media\/406576"}],"wp:attachment":[{"href":"https:\/\/grupotextil.es\/ca\/wp-json\/wp\/v2\/media?parent=350445"}],"wp:term":[{"taxonomy":"product_brand","embeddable":true,"href":"https:\/\/grupotextil.es\/ca\/wp-json\/wp\/v2\/product_brand?post=350445"},{"taxonomy":"product_cat","embeddable":true,"href":"https:\/\/grupotextil.es\/ca\/wp-json\/wp\/v2\/product_cat?post=350445"},{"taxonomy":"product_tag","embeddable":true,"href":"https:\/\/grupotextil.es\/ca\/wp-json\/wp\/v2\/product_tag?post=350445"}],"curies":[{"name":"wp","href":"https:\/\/api.w.org\/{rel}","templated":true}]}}