{"id":350536,"date":"2026-03-08T01:33:50","date_gmt":"2026-03-08T00:33:50","guid":{"rendered":"https:\/\/grupotextil.es\/producto\/mochila-para-portatil-lausanne-outdoor\/"},"modified":"2026-03-08T01:33:50","modified_gmt":"2026-03-08T00:33:50","slug":"mochila-para-portatil-lausanne-outdoor","status":"publish","type":"product","link":"https:\/\/grupotextil.es\/ca\/product\/mochila-para-portatil-lausanne-outdoor\/","title":{"rendered":"Mochila para port\u00e1til Lausanne Outdoor"},"content":{"rendered":"<ul>\n<li>100% poli\u00e9ster (840D)<\/li>\n<li>Mochila para port\u00e1til Outdoor<\/li>\n<li>Asa de mano acolchada<\/li>\n<li>Tirantes acolchados ajustables<\/li>\n<li>Respaldo acolchado de malla<\/li>\n<li>Compartimento principal con bolsillo apto para port\u00e1til de 15,6\u201d y bolsillo para iPad<\/li>\n<li>Segundo compartimento grande con cremallera<\/li>\n<li>Parte frontal con cremallera con secci\u00f3n organizadora<\/li>\n<li>2 bolsillos laterales de malla<\/li>\n<li>Capacidad: 35 Litros<\/li>\n<li>Medidas: 30 x 28 x 45 cm<\/li>\n<li>Adecuado para serigraf\u00eda, transfer o bordado<\/li>\n<li>M\u00e1x. bordado: 12 aro tubular<\/li>\n<li>M\u00e1x. \u00e1rea de impresi\u00f3n: 12 x 12 cm<\/li>\n<\/ul>","protected":false},"excerpt":{"rendered":"<p>100% poli\u00e9ster (840D)Mochila para port\u00e1til OutdoorAsa de mano acolchadaTirantes acolchados ajustablesRespaldo acolchado de mallaCompartimento principal con bolsillo apto para port\u00e1til de 15,6\u201d y bo&#8230;<\/p>","protected":false},"featured_media":406628,"comment_status":"open","ping_status":"closed","template":"","meta":{"_acf_changed":false},"product_brand":[11660],"product_cat":[13977,13974,13975,13973],"product_tag":[],"class_list":{"0":"post-350536","1":"product","2":"type-product","3":"status-publish","4":"has-post-thumbnail","6":"product_brand-shugon","7":"product_cat-h-camisetas-manga-corta","8":"product_cat-ropa-hombre","9":"product_cat-ropa-mujer","10":"product_cat-ropa","11":"tm-no-options","13":"first","14":"instock","15":"taxable","16":"shipping-taxable","17":"product-type-variable"},"acf":[],"_links":{"self":[{"href":"https:\/\/grupotextil.es\/ca\/wp-json\/wp\/v2\/product\/350536","targetHints":{"allow":["GET"]}}],"collection":[{"href":"https:\/\/grupotextil.es\/ca\/wp-json\/wp\/v2\/product"}],"about":[{"href":"https:\/\/grupotextil.es\/ca\/wp-json\/wp\/v2\/types\/product"}],"replies":[{"embeddable":true,"href":"https:\/\/grupotextil.es\/ca\/wp-json\/wp\/v2\/comments?post=350536"}],"wp:featuredmedia":[{"embeddable":true,"href":"https:\/\/grupotextil.es\/ca\/wp-json\/wp\/v2\/media\/406628"}],"wp:attachment":[{"href":"https:\/\/grupotextil.es\/ca\/wp-json\/wp\/v2\/media?parent=350536"}],"wp:term":[{"taxonomy":"product_brand","embeddable":true,"href":"https:\/\/grupotextil.es\/ca\/wp-json\/wp\/v2\/product_brand?post=350536"},{"taxonomy":"product_cat","embeddable":true,"href":"https:\/\/grupotextil.es\/ca\/wp-json\/wp\/v2\/product_cat?post=350536"},{"taxonomy":"product_tag","embeddable":true,"href":"https:\/\/grupotextil.es\/ca\/wp-json\/wp\/v2\/product_tag?post=350536"}],"curies":[{"name":"wp","href":"https:\/\/api.w.org\/{rel}","templated":true}]}}