{"id":350538,"date":"2026-03-08T01:33:51","date_gmt":"2026-03-08T00:33:51","guid":{"rendered":"https:\/\/grupotextil.es\/producto\/camiseta-con-cuello-en-v-e150\/"},"modified":"2026-03-08T01:33:51","modified_gmt":"2026-03-08T00:33:51","slug":"camiseta-con-cuello-en-v-e150","status":"publish","type":"product","link":"https:\/\/grupotextil.es\/ca\/product\/camiseta-con-cuello-en-v-e150\/","title":{"rendered":"T-Shirt con Cuello en V #E150"},"content":{"rendered":"<ul>\n<li>145 g\/m\u00b2<\/li>\n<li>100 % algod\u00f3n, preencogido, ring-spun (invirtiendo en un mejor algod\u00f3n)<\/li>\n<li>Ajuste cl\u00e1sico moderno #usos m\u00faltiples<\/li>\n<li>Costuras laterales #ajuste<\/li>\n<li>Forma de V moderna #greatlook<\/li>\n<li>Cinta en la nuca para un acabado limpio #comodidad<\/li>\n<li>Sin etiqueta, f\u00e1cil de rebrandear<\/li>\n<\/ul>","protected":false},"excerpt":{"rendered":"<p>145 g\/m\u00b2100 % algod\u00f3n, preencogido, ring-spun (invirtiendo en un mejor algod\u00f3n)Ajuste cl\u00e1sico moderno #usos m\u00faltiplesCosturas laterales #ajusteForma de V moderna #greatlookCinta en la nuca para un aca<\/p>","protected":false},"featured_media":406642,"comment_status":"open","ping_status":"closed","template":"","meta":{"_acf_changed":false},"product_brand":[11653],"product_cat":[13977,13974,13975,13973],"product_tag":[],"class_list":{"0":"post-350538","1":"product","2":"type-product","3":"status-publish","4":"has-post-thumbnail","6":"product_brand-b-c","7":"product_cat-h-camisetas-manga-corta","8":"product_cat-ropa-hombre","9":"product_cat-ropa-mujer","10":"product_cat-ropa","11":"tm-no-options","13":"first","14":"instock","15":"taxable","16":"shipping-taxable","17":"product-type-variable"},"acf":[],"_links":{"self":[{"href":"https:\/\/grupotextil.es\/ca\/wp-json\/wp\/v2\/product\/350538","targetHints":{"allow":["GET"]}}],"collection":[{"href":"https:\/\/grupotextil.es\/ca\/wp-json\/wp\/v2\/product"}],"about":[{"href":"https:\/\/grupotextil.es\/ca\/wp-json\/wp\/v2\/types\/product"}],"replies":[{"embeddable":true,"href":"https:\/\/grupotextil.es\/ca\/wp-json\/wp\/v2\/comments?post=350538"}],"wp:featuredmedia":[{"embeddable":true,"href":"https:\/\/grupotextil.es\/ca\/wp-json\/wp\/v2\/media\/406642"}],"wp:attachment":[{"href":"https:\/\/grupotextil.es\/ca\/wp-json\/wp\/v2\/media?parent=350538"}],"wp:term":[{"taxonomy":"product_brand","embeddable":true,"href":"https:\/\/grupotextil.es\/ca\/wp-json\/wp\/v2\/product_brand?post=350538"},{"taxonomy":"product_cat","embeddable":true,"href":"https:\/\/grupotextil.es\/ca\/wp-json\/wp\/v2\/product_cat?post=350538"},{"taxonomy":"product_tag","embeddable":true,"href":"https:\/\/grupotextil.es\/ca\/wp-json\/wp\/v2\/product_tag?post=350538"}],"curies":[{"name":"wp","href":"https:\/\/api.w.org\/{rel}","templated":true}]}}