{"id":350672,"date":"2026-03-08T01:34:09","date_gmt":"2026-03-08T00:34:09","guid":{"rendered":"https:\/\/grupotextil.es\/producto\/mochila-elegante-para-portatil-amethyst\/"},"modified":"2026-03-08T01:34:09","modified_gmt":"2026-03-08T00:34:09","slug":"mochila-elegante-para-portatil-amethyst","status":"publish","type":"product","link":"https:\/\/grupotextil.es\/ca\/product\/mochila-elegante-para-portatil-amethyst\/","title":{"rendered":"Mochila elegante para port\u00e1til Amethyst"},"content":{"rendered":"<ul>\n<li>100% poli\u00e9ster (210D)<\/li>\n<li>Respaldo de esponja acolchado<\/li>\n<li>Mochila elegante para port\u00e1til<\/li>\n<li>Cierre \u00fanico y f\u00e1cil<\/li>\n<li>Asa de mano y correas para los hombros acolchadas<\/li>\n<li>Compartimento trasero para port\u00e1til o iPad<\/li>\n<li>Compartimento principal con bolsillos interiores: bolsillo de malla con cremallera, bolsillo de malla el\u00e1stica para botella, dos bolsillos para accesorios, llavero<\/li>\n<li>Capacidad: 18 Litros<\/li>\n<li>Medidas: 29 x 14 x 46 cm<\/li>\n<li>Adecuado para serigraf\u00eda, transfer o bordado<\/li>\n<li>M\u00e1x. bordado: 12 aro tubular<\/li>\n<li>M\u00e1x. \u00e1rea de impresi\u00f3n: 12 x 12 cm<\/li>\n<\/ul>","protected":false},"excerpt":{"rendered":"<p>100% poli\u00e9ster (210D)Respaldo de esponja acolchadoMochila elegante para port\u00e1tilCierre \u00fanico y f\u00e1cilAsa de mano y correas para los hombros acolchadasCompartimento trasero para port\u00e1til o iPadCompar&#8230;<\/p>","protected":false},"featured_media":406761,"comment_status":"open","ping_status":"closed","template":"","meta":{"_acf_changed":false},"product_brand":[11660],"product_cat":[13954,13974,13975,13973],"product_tag":[],"class_list":{"0":"post-350672","1":"product","2":"type-product","3":"status-publish","4":"has-post-thumbnail","6":"product_brand-shugon","7":"product_cat-acc-bolsas-y-mochilas","8":"product_cat-ropa-hombre","9":"product_cat-ropa-mujer","10":"product_cat-ropa","11":"tm-no-options","13":"first","14":"instock","15":"taxable","16":"shipping-taxable","17":"product-type-variable"},"acf":[],"_links":{"self":[{"href":"https:\/\/grupotextil.es\/ca\/wp-json\/wp\/v2\/product\/350672","targetHints":{"allow":["GET"]}}],"collection":[{"href":"https:\/\/grupotextil.es\/ca\/wp-json\/wp\/v2\/product"}],"about":[{"href":"https:\/\/grupotextil.es\/ca\/wp-json\/wp\/v2\/types\/product"}],"replies":[{"embeddable":true,"href":"https:\/\/grupotextil.es\/ca\/wp-json\/wp\/v2\/comments?post=350672"}],"wp:featuredmedia":[{"embeddable":true,"href":"https:\/\/grupotextil.es\/ca\/wp-json\/wp\/v2\/media\/406761"}],"wp:attachment":[{"href":"https:\/\/grupotextil.es\/ca\/wp-json\/wp\/v2\/media?parent=350672"}],"wp:term":[{"taxonomy":"product_brand","embeddable":true,"href":"https:\/\/grupotextil.es\/ca\/wp-json\/wp\/v2\/product_brand?post=350672"},{"taxonomy":"product_cat","embeddable":true,"href":"https:\/\/grupotextil.es\/ca\/wp-json\/wp\/v2\/product_cat?post=350672"},{"taxonomy":"product_tag","embeddable":true,"href":"https:\/\/grupotextil.es\/ca\/wp-json\/wp\/v2\/product_tag?post=350672"}],"curies":[{"name":"wp","href":"https:\/\/api.w.org\/{rel}","templated":true}]}}