{"id":350674,"date":"2026-03-08T01:34:10","date_gmt":"2026-03-08T00:34:10","guid":{"rendered":"https:\/\/grupotextil.es\/producto\/polo-superwash-60o-mujer\/"},"modified":"2026-03-08T01:34:10","modified_gmt":"2026-03-08T00:34:10","slug":"polo-superwash-60o-mujer","status":"publish","type":"product","link":"https:\/\/grupotextil.es\/ca\/product\/polo-superwash-60o-mujer\/","title":{"rendered":"Polo Superwash\u00ae 60\u00ba mujer"},"content":{"rendered":"<ul>\n<li>185 g\/m\u00b2<\/li>\n<li>65% poli\u00e9ster, 35% algod\u00f3n<\/li>\n<li>Cuello y bajo de manga en punto plano 1&#215;1<\/li>\n<li>3 bot\u00f3nes<\/li>\n<li>Costuras reforzadas en los hombros<\/li>\n<li>Canes\u00fa<\/li>\n<li>Puntos a doble aguja en hombro, pu\u00f1os y sisas<\/li>\n<li>Bot\u00f3n de repuesto<\/li>\n<li>Aberturas laterales<\/li>\n<li>Lavable a 60\u00baC<\/li>\n<\/ul>","protected":false},"excerpt":{"rendered":"<p>185 g\/m\u00b265% poli\u00e9ster, 35% algod\u00f3nCuello y bajo de manga en punto plano 1&#215;13 bot\u00f3nesCosturas reforzadas en los hombrosCanes\u00faPuntos a doble aguja en hombro, pu\u00f1os y sisasBot\u00f3n de repuestoAberturas late<\/p>","protected":false},"featured_media":406779,"comment_status":"open","ping_status":"closed","template":"","meta":{"_acf_changed":false},"product_brand":[11672],"product_cat":[13954,13974,13975,13973],"product_tag":[14009],"class_list":{"0":"post-350674","1":"product","2":"type-product","3":"status-publish","4":"has-post-thumbnail","6":"product_brand-kustom-kit","7":"product_cat-acc-bolsas-y-mochilas","8":"product_cat-ropa-hombre","9":"product_cat-ropa-mujer","10":"product_cat-ropa","11":"product_tag-top-ventas","12":"tm-no-options","14":"first","15":"instock","16":"taxable","17":"shipping-taxable","18":"product-type-variable"},"acf":[],"_links":{"self":[{"href":"https:\/\/grupotextil.es\/ca\/wp-json\/wp\/v2\/product\/350674","targetHints":{"allow":["GET"]}}],"collection":[{"href":"https:\/\/grupotextil.es\/ca\/wp-json\/wp\/v2\/product"}],"about":[{"href":"https:\/\/grupotextil.es\/ca\/wp-json\/wp\/v2\/types\/product"}],"replies":[{"embeddable":true,"href":"https:\/\/grupotextil.es\/ca\/wp-json\/wp\/v2\/comments?post=350674"}],"wp:featuredmedia":[{"embeddable":true,"href":"https:\/\/grupotextil.es\/ca\/wp-json\/wp\/v2\/media\/406779"}],"wp:attachment":[{"href":"https:\/\/grupotextil.es\/ca\/wp-json\/wp\/v2\/media?parent=350674"}],"wp:term":[{"taxonomy":"product_brand","embeddable":true,"href":"https:\/\/grupotextil.es\/ca\/wp-json\/wp\/v2\/product_brand?post=350674"},{"taxonomy":"product_cat","embeddable":true,"href":"https:\/\/grupotextil.es\/ca\/wp-json\/wp\/v2\/product_cat?post=350674"},{"taxonomy":"product_tag","embeddable":true,"href":"https:\/\/grupotextil.es\/ca\/wp-json\/wp\/v2\/product_tag?post=350674"}],"curies":[{"name":"wp","href":"https:\/\/api.w.org\/{rel}","templated":true}]}}