{"id":350941,"date":"2026-03-08T01:34:22","date_gmt":"2026-03-08T00:34:22","guid":{"rendered":"https:\/\/grupotextil.es\/producto\/bolsa-de-deporte-rishikesh\/"},"modified":"2026-03-08T01:34:22","modified_gmt":"2026-03-08T00:34:22","slug":"bolsa-de-deporte-rishikesh","status":"publish","type":"product","link":"https:\/\/grupotextil.es\/ca\/product\/bolsa-de-deporte-rishikesh\/","title":{"rendered":"Bag Sports Rishikesh"},"content":{"rendered":"<ul>\n<li>100% poli\u00e9ster (70D)<\/li>\n<li>Bolsa de deporte de lona para yoga<\/li>\n<li>Bolsa de deporte elegante y de uso polivalente<\/li>\n<li>Gran compartimento principal con bolsillo interior resistente a la humedad<\/li>\n<li>Bolsillo lateral profundo y ventilado perfecto para guardar zapatos o una toalla usada<\/li>\n<li>Correas de goma para llevar tu esterilla de yoga<\/li>\n<li>Capacidad: 19 Litros<\/li>\n<li>Medidas: 44 x 18 x 28 cm<\/li>\n<li>Adecuado para serigraf\u00eda, transfer o bordado<\/li>\n<li>M\u00e1x. bordado: 8 aro tubular<\/li>\n<li>M\u00e1x. \u00e1rea de impresi\u00f3n: 12 x 12 cm<\/li>\n<\/ul>","protected":false},"excerpt":{"rendered":"<p>100% poli\u00e9ster (70D)Bolsa de deporte de lona para yogaBolsa de deporte elegante y de uso polivalenteGran compartimento principal con bolsillo interior resistente a la humedadBolsillo lateral profun&#8230;<\/p>","protected":false},"featured_media":406872,"comment_status":"open","ping_status":"closed","template":"","meta":{"_acf_changed":false},"product_brand":[11660],"product_cat":[13954,13974,13975,13973],"product_tag":[],"class_list":{"0":"post-350941","1":"product","2":"type-product","3":"status-publish","4":"has-post-thumbnail","6":"product_brand-shugon","7":"product_cat-acc-bolsas-y-mochilas","8":"product_cat-ropa-hombre","9":"product_cat-ropa-mujer","10":"product_cat-ropa","11":"tm-no-options","13":"first","14":"instock","15":"taxable","16":"shipping-taxable","17":"product-type-variable"},"acf":[],"_links":{"self":[{"href":"https:\/\/grupotextil.es\/ca\/wp-json\/wp\/v2\/product\/350941","targetHints":{"allow":["GET"]}}],"collection":[{"href":"https:\/\/grupotextil.es\/ca\/wp-json\/wp\/v2\/product"}],"about":[{"href":"https:\/\/grupotextil.es\/ca\/wp-json\/wp\/v2\/types\/product"}],"replies":[{"embeddable":true,"href":"https:\/\/grupotextil.es\/ca\/wp-json\/wp\/v2\/comments?post=350941"}],"wp:featuredmedia":[{"embeddable":true,"href":"https:\/\/grupotextil.es\/ca\/wp-json\/wp\/v2\/media\/406872"}],"wp:attachment":[{"href":"https:\/\/grupotextil.es\/ca\/wp-json\/wp\/v2\/media?parent=350941"}],"wp:term":[{"taxonomy":"product_brand","embeddable":true,"href":"https:\/\/grupotextil.es\/ca\/wp-json\/wp\/v2\/product_brand?post=350941"},{"taxonomy":"product_cat","embeddable":true,"href":"https:\/\/grupotextil.es\/ca\/wp-json\/wp\/v2\/product_cat?post=350941"},{"taxonomy":"product_tag","embeddable":true,"href":"https:\/\/grupotextil.es\/ca\/wp-json\/wp\/v2\/product_tag?post=350941"}],"curies":[{"name":"wp","href":"https:\/\/api.w.org\/{rel}","templated":true}]}}