{"id":350967,"date":"2026-03-08T01:34:24","date_gmt":"2026-03-08T00:34:24","guid":{"rendered":"https:\/\/grupotextil.es\/producto\/mochila-athleisure\/"},"modified":"2026-03-08T01:34:24","modified_gmt":"2026-03-08T00:34:24","slug":"mochila-athleisure","status":"publish","type":"product","link":"https:\/\/grupotextil.es\/ca\/product\/mochila-athleisure\/","title":{"rendered":"Mochila Athleisure"},"content":{"rendered":"<ul>\n<li>100% poli\u00e9ster (600D\/420D)<\/li>\n<li>Cierre con cord\u00f3n resistente<\/li>\n<li>Amplio compartimento principal<\/li>\n<li>Soporte para botella de agua<\/li>\n<li>Bolsillo para zapatos<\/li>\n<li>Ojetes met\u00e1licos para ventilaci\u00f3n<\/li>\n<li>Capacidad: 18 Litros<\/li>\n<li>Tama\u00f1o: 35 x 49 x 9 cm<\/li>\n<li>M\u00e1ximo bordado: aro tubular 15<\/li>\n<li>\u00c1rea personalizaci\u00f3n: 31 x 11 cm.<\/li>\n<\/ul>","protected":false},"excerpt":{"rendered":"<p>100% poli\u00e9ster (600D\/420D)Cierre con cord\u00f3n resistenteAmplio compartimento principalSoporte para botella de aguaBolsillo para zapatosOjetes met\u00e1licos para ventilaci\u00f3nCapacidad: 18 LitrosTama\u00f1o: 35 &#8230;<\/p>","protected":false},"featured_media":406933,"comment_status":"open","ping_status":"closed","template":"","meta":{"_acf_changed":false},"product_brand":[11668],"product_cat":[13954,13974,13975,13973],"product_tag":[],"class_list":{"0":"post-350967","1":"product","2":"type-product","3":"status-publish","4":"has-post-thumbnail","6":"product_brand-bag-base","7":"product_cat-acc-bolsas-y-mochilas","8":"product_cat-ropa-hombre","9":"product_cat-ropa-mujer","10":"product_cat-ropa","11":"tm-no-options","13":"first","14":"instock","15":"taxable","16":"shipping-taxable","17":"product-type-variable"},"acf":[],"_links":{"self":[{"href":"https:\/\/grupotextil.es\/ca\/wp-json\/wp\/v2\/product\/350967","targetHints":{"allow":["GET"]}}],"collection":[{"href":"https:\/\/grupotextil.es\/ca\/wp-json\/wp\/v2\/product"}],"about":[{"href":"https:\/\/grupotextil.es\/ca\/wp-json\/wp\/v2\/types\/product"}],"replies":[{"embeddable":true,"href":"https:\/\/grupotextil.es\/ca\/wp-json\/wp\/v2\/comments?post=350967"}],"wp:featuredmedia":[{"embeddable":true,"href":"https:\/\/grupotextil.es\/ca\/wp-json\/wp\/v2\/media\/406933"}],"wp:attachment":[{"href":"https:\/\/grupotextil.es\/ca\/wp-json\/wp\/v2\/media?parent=350967"}],"wp:term":[{"taxonomy":"product_brand","embeddable":true,"href":"https:\/\/grupotextil.es\/ca\/wp-json\/wp\/v2\/product_brand?post=350967"},{"taxonomy":"product_cat","embeddable":true,"href":"https:\/\/grupotextil.es\/ca\/wp-json\/wp\/v2\/product_cat?post=350967"},{"taxonomy":"product_tag","embeddable":true,"href":"https:\/\/grupotextil.es\/ca\/wp-json\/wp\/v2\/product_tag?post=350967"}],"curies":[{"name":"wp","href":"https:\/\/api.w.org\/{rel}","templated":true}]}}