{"id":350973,"date":"2026-03-08T01:34:28","date_gmt":"2026-03-08T00:34:28","guid":{"rendered":"https:\/\/grupotextil.es\/producto\/falda-corta-mujer\/"},"modified":"2026-03-08T01:34:28","modified_gmt":"2026-03-08T00:34:28","slug":"falda-corta-mujer","status":"publish","type":"product","link":"https:\/\/grupotextil.es\/ca\/product\/falda-corta-mujer\/","title":{"rendered":"Falda corta mujer"},"content":{"rendered":"<ul>\n<li>210 g\/m\u00b2<\/li>\n<li>Falda: 100% poli\u00e9ster, pantal\u00f3n: 95% algod\u00f3n, 5% elast\u00e1n<\/li>\n<li>Cintura el\u00e1stica plana<\/li>\n<li>Falda con pantal\u00f3n de deporte integrado y aberturas en bajo<\/li>\n<li>Costuras laterales planas<\/li>\n<li>Tejido waffle<\/li>\n<li>Secado r\u00e1pido, mantiene la piel fresca y c\u00f3moda<\/li>\n<li>Extremadamente ligera, protege del viento<\/li>\n<li>Apropiada para bordar y transfer<\/li>\n<\/ul>","protected":false},"excerpt":{"rendered":"<p>210 g\/m\u00b2Falda: 100% poli\u00e9ster, pantal\u00f3n: 95% algod\u00f3n, 5% elast\u00e1nCintura el\u00e1stica planaFalda con pantal\u00f3n de deporte integrado y aberturas en bajoCosturas laterales planasTejido waffleSecado r\u00e1pido, ma<\/p>","protected":false},"featured_media":406943,"comment_status":"open","ping_status":"closed","template":"","meta":{"_acf_changed":false},"product_brand":[11669],"product_cat":[13954,13974,13975,13973],"product_tag":[],"class_list":{"0":"post-350973","1":"product","2":"type-product","3":"status-publish","4":"has-post-thumbnail","6":"product_brand-result","7":"product_cat-acc-bolsas-y-mochilas","8":"product_cat-ropa-hombre","9":"product_cat-ropa-mujer","10":"product_cat-ropa","11":"tm-no-options","13":"first","14":"instock","15":"taxable","16":"shipping-taxable","17":"product-type-variable"},"acf":[],"_links":{"self":[{"href":"https:\/\/grupotextil.es\/ca\/wp-json\/wp\/v2\/product\/350973","targetHints":{"allow":["GET"]}}],"collection":[{"href":"https:\/\/grupotextil.es\/ca\/wp-json\/wp\/v2\/product"}],"about":[{"href":"https:\/\/grupotextil.es\/ca\/wp-json\/wp\/v2\/types\/product"}],"replies":[{"embeddable":true,"href":"https:\/\/grupotextil.es\/ca\/wp-json\/wp\/v2\/comments?post=350973"}],"wp:featuredmedia":[{"embeddable":true,"href":"https:\/\/grupotextil.es\/ca\/wp-json\/wp\/v2\/media\/406943"}],"wp:attachment":[{"href":"https:\/\/grupotextil.es\/ca\/wp-json\/wp\/v2\/media?parent=350973"}],"wp:term":[{"taxonomy":"product_brand","embeddable":true,"href":"https:\/\/grupotextil.es\/ca\/wp-json\/wp\/v2\/product_brand?post=350973"},{"taxonomy":"product_cat","embeddable":true,"href":"https:\/\/grupotextil.es\/ca\/wp-json\/wp\/v2\/product_cat?post=350973"},{"taxonomy":"product_tag","embeddable":true,"href":"https:\/\/grupotextil.es\/ca\/wp-json\/wp\/v2\/product_tag?post=350973"}],"curies":[{"name":"wp","href":"https:\/\/api.w.org\/{rel}","templated":true}]}}