{"id":351005,"date":"2026-03-08T01:34:32","date_gmt":"2026-03-08T00:34:32","guid":{"rendered":"https:\/\/grupotextil.es\/producto\/camiseta-organica-bebe\/"},"modified":"2026-03-08T01:34:32","modified_gmt":"2026-03-08T00:34:32","slug":"camiseta-organica-bebe","status":"publish","type":"product","link":"https:\/\/grupotextil.es\/ca\/product\/camiseta-organica-bebe\/","title":{"rendered":"Camiseta org\u00e1nico beb\u00e9"},"content":{"rendered":"<ul>\n<li>200 g\/m\u00b2<\/li>\n<li>100% algod\u00f3n peinado (en algunos modelos org\u00e1nico)<\/li>\n<li>Heather Grey Melange: 85% algod\u00f3n, 15% poli\u00e9ster<\/li>\n<li>Charcoal Grey Melange, Heather Blue, Mocha: 60% algod\u00f3n, 40% poli\u00e9ster<\/li>\n<li>Interlock<\/li>\n<li>Cuello en canal\u00e9 con elast\u00e1n<\/li>\n<li>Costura decorativa en el cuello, bajo de mangas y dobladillo<\/li>\n<li>Cierres a presi\u00f3n en el hombro<\/li>\n<\/ul>","protected":false},"excerpt":{"rendered":"<p>200 g\/m\u00b2100% algod\u00f3n peinado (en algunos modelos org\u00e1nico)Heather Grey Melange: 85% algod\u00f3n, 15% poli\u00e9sterCharcoal Grey Melange, Heather Blue, Mocha: 60% algod\u00f3n, 40% poli\u00e9sterInterlockCuello en canal<\/p>","protected":false},"featured_media":406968,"comment_status":"open","ping_status":"closed","template":"","meta":{"_acf_changed":false},"product_brand":[11662],"product_cat":[13954,13974,13975,13973],"product_tag":[14010,14009],"class_list":{"0":"post-351005","1":"product","2":"type-product","3":"status-publish","4":"has-post-thumbnail","6":"product_brand-babybugz","7":"product_cat-acc-bolsas-y-mochilas","8":"product_cat-ropa-hombre","9":"product_cat-ropa-mujer","10":"product_cat-ropa","11":"product_tag-nuevo-2026","12":"product_tag-top-ventas","13":"tm-no-options","15":"first","16":"instock","17":"taxable","18":"shipping-taxable","19":"product-type-variable"},"acf":[],"_links":{"self":[{"href":"https:\/\/grupotextil.es\/ca\/wp-json\/wp\/v2\/product\/351005","targetHints":{"allow":["GET"]}}],"collection":[{"href":"https:\/\/grupotextil.es\/ca\/wp-json\/wp\/v2\/product"}],"about":[{"href":"https:\/\/grupotextil.es\/ca\/wp-json\/wp\/v2\/types\/product"}],"replies":[{"embeddable":true,"href":"https:\/\/grupotextil.es\/ca\/wp-json\/wp\/v2\/comments?post=351005"}],"wp:featuredmedia":[{"embeddable":true,"href":"https:\/\/grupotextil.es\/ca\/wp-json\/wp\/v2\/media\/406968"}],"wp:attachment":[{"href":"https:\/\/grupotextil.es\/ca\/wp-json\/wp\/v2\/media?parent=351005"}],"wp:term":[{"taxonomy":"product_brand","embeddable":true,"href":"https:\/\/grupotextil.es\/ca\/wp-json\/wp\/v2\/product_brand?post=351005"},{"taxonomy":"product_cat","embeddable":true,"href":"https:\/\/grupotextil.es\/ca\/wp-json\/wp\/v2\/product_cat?post=351005"},{"taxonomy":"product_tag","embeddable":true,"href":"https:\/\/grupotextil.es\/ca\/wp-json\/wp\/v2\/product_tag?post=351005"}],"curies":[{"name":"wp","href":"https:\/\/api.w.org\/{rel}","templated":true}]}}