{"id":351141,"date":"2026-03-08T01:34:42","date_gmt":"2026-03-08T00:34:42","guid":{"rendered":"https:\/\/grupotextil.es\/producto\/bolsa-de-trabajo-edinburgh-mammoth\/"},"modified":"2026-03-08T01:34:42","modified_gmt":"2026-03-08T00:34:42","slug":"bolsa-de-trabajo-edinburgh-mammoth","status":"publish","type":"product","link":"https:\/\/grupotextil.es\/ca\/product\/bolsa-de-trabajo-edinburgh-mammoth\/","title":{"rendered":"Bag de trabajo Edinburgh Mammoth"},"content":{"rendered":"<ul>\n<li>100% poli\u00e9ster (600D)<\/li>\n<li>Pr\u00e1ctica bolsa de trabajo<\/li>\n<li>Correa de hombro ajustable<\/li>\n<li>Gran compartimento principal con cremallera<\/li>\n<li>2 bolsillos laterales con cremallera<\/li>\n<li>Bolsillos delanteros con cremallera<\/li>\n<li>Franja de alta visibilidad certificada reflectante alrededor de la parte inferior<\/li>\n<li>Capacidad: 82 Litros<\/li>\n<li>Medidas: 72 x 37 x 31 cm<\/li>\n<li>Adecuado para serigraf\u00eda, transfer o bordado<\/li>\n<li>M\u00e1x. bordado: 10 aro tubular<\/li>\n<li>M\u00e1x. \u00e1rea de impresi\u00f3n: 30 x 9 cm<\/li>\n<\/ul>","protected":false},"excerpt":{"rendered":"<p>100% poli\u00e9ster (600D)Pr\u00e1ctica bolsa de trabajoCorrea de hombro ajustableGran compartimento principal con cremallera2 bolsillos laterales con cremalleraBolsillos delanteros con cremalleraFranja de a&#8230;<\/p>","protected":false},"featured_media":406983,"comment_status":"open","ping_status":"closed","template":"","meta":{"_acf_changed":false},"product_brand":[11660],"product_cat":[13954,13974,13975,13973],"product_tag":[],"class_list":{"0":"post-351141","1":"product","2":"type-product","3":"status-publish","4":"has-post-thumbnail","6":"product_brand-shugon","7":"product_cat-acc-bolsas-y-mochilas","8":"product_cat-ropa-hombre","9":"product_cat-ropa-mujer","10":"product_cat-ropa","11":"tm-no-options","13":"first","14":"instock","15":"taxable","16":"shipping-taxable","17":"product-type-variable"},"acf":[],"_links":{"self":[{"href":"https:\/\/grupotextil.es\/ca\/wp-json\/wp\/v2\/product\/351141","targetHints":{"allow":["GET"]}}],"collection":[{"href":"https:\/\/grupotextil.es\/ca\/wp-json\/wp\/v2\/product"}],"about":[{"href":"https:\/\/grupotextil.es\/ca\/wp-json\/wp\/v2\/types\/product"}],"replies":[{"embeddable":true,"href":"https:\/\/grupotextil.es\/ca\/wp-json\/wp\/v2\/comments?post=351141"}],"wp:featuredmedia":[{"embeddable":true,"href":"https:\/\/grupotextil.es\/ca\/wp-json\/wp\/v2\/media\/406983"}],"wp:attachment":[{"href":"https:\/\/grupotextil.es\/ca\/wp-json\/wp\/v2\/media?parent=351141"}],"wp:term":[{"taxonomy":"product_brand","embeddable":true,"href":"https:\/\/grupotextil.es\/ca\/wp-json\/wp\/v2\/product_brand?post=351141"},{"taxonomy":"product_cat","embeddable":true,"href":"https:\/\/grupotextil.es\/ca\/wp-json\/wp\/v2\/product_cat?post=351141"},{"taxonomy":"product_tag","embeddable":true,"href":"https:\/\/grupotextil.es\/ca\/wp-json\/wp\/v2\/product_tag?post=351141"}],"curies":[{"name":"wp","href":"https:\/\/api.w.org\/{rel}","templated":true}]}}