{"id":351147,"date":"2026-03-08T01:34:43","date_gmt":"2026-03-08T00:34:43","guid":{"rendered":"https:\/\/grupotextil.es\/producto\/bolsa-playa-y-ocio-tenerife\/"},"modified":"2026-03-08T01:34:43","modified_gmt":"2026-03-08T00:34:43","slug":"bolsa-playa-y-ocio-tenerife","status":"publish","type":"product","link":"https:\/\/grupotextil.es\/ca\/product\/bolsa-playa-y-ocio-tenerife\/","title":{"rendered":"Bag Playa y Ocio Tenerife"},"content":{"rendered":"<ul>\n<li>100% poli\u00e9ster (600D)<\/li>\n<li>Gran bolsa de playa o de ocio elegante<\/li>\n<li>Compartimento principal con bolsillo interior con cremallera<\/li>\n<li>Correas de hombro<\/li>\n<li>Capacidad: 20 Litros<\/li>\n<li>Medidas: 42 x 20 x 48 cm<\/li>\n<li>Adecuado para serigraf\u00eda, transfer o bordado<\/li>\n<li>M\u00e1x. bordado: 14 aro tubular<\/li>\n<li>M\u00e1x. \u00e1rea de impresi\u00f3n: 22 x 14 cm<\/li>\n<\/ul>","protected":false},"excerpt":{"rendered":"<p>100% poli\u00e9ster (600D)Gran bolsa de playa o de ocio eleganteCompartimento principal con bolsillo interior con cremalleraCorreas de hombroCapacidad: 20 LitrosMedidas: 42 x 20 x 48 cmAdecuado para ser&#8230;<\/p>","protected":false},"featured_media":407006,"comment_status":"open","ping_status":"closed","template":"","meta":{"_acf_changed":false},"product_brand":[11660],"product_cat":[13954,13974,13975,13973],"product_tag":[],"class_list":{"0":"post-351147","1":"product","2":"type-product","3":"status-publish","4":"has-post-thumbnail","6":"product_brand-shugon","7":"product_cat-acc-bolsas-y-mochilas","8":"product_cat-ropa-hombre","9":"product_cat-ropa-mujer","10":"product_cat-ropa","11":"tm-no-options","13":"first","14":"instock","15":"taxable","16":"shipping-taxable","17":"product-type-variable"},"acf":[],"_links":{"self":[{"href":"https:\/\/grupotextil.es\/ca\/wp-json\/wp\/v2\/product\/351147","targetHints":{"allow":["GET"]}}],"collection":[{"href":"https:\/\/grupotextil.es\/ca\/wp-json\/wp\/v2\/product"}],"about":[{"href":"https:\/\/grupotextil.es\/ca\/wp-json\/wp\/v2\/types\/product"}],"replies":[{"embeddable":true,"href":"https:\/\/grupotextil.es\/ca\/wp-json\/wp\/v2\/comments?post=351147"}],"wp:featuredmedia":[{"embeddable":true,"href":"https:\/\/grupotextil.es\/ca\/wp-json\/wp\/v2\/media\/407006"}],"wp:attachment":[{"href":"https:\/\/grupotextil.es\/ca\/wp-json\/wp\/v2\/media?parent=351147"}],"wp:term":[{"taxonomy":"product_brand","embeddable":true,"href":"https:\/\/grupotextil.es\/ca\/wp-json\/wp\/v2\/product_brand?post=351147"},{"taxonomy":"product_cat","embeddable":true,"href":"https:\/\/grupotextil.es\/ca\/wp-json\/wp\/v2\/product_cat?post=351147"},{"taxonomy":"product_tag","embeddable":true,"href":"https:\/\/grupotextil.es\/ca\/wp-json\/wp\/v2\/product_tag?post=351147"}],"curies":[{"name":"wp","href":"https:\/\/api.w.org\/{rel}","templated":true}]}}