{"id":351154,"date":"2026-03-08T01:34:44","date_gmt":"2026-03-08T00:34:44","guid":{"rendered":"https:\/\/grupotextil.es\/producto\/polo-performance-hombre\/"},"modified":"2026-03-08T01:34:44","modified_gmt":"2026-03-08T00:34:44","slug":"polo-performance-hombre","status":"publish","type":"product","link":"https:\/\/grupotextil.es\/ca\/product\/polo-performance-hombre\/","title":{"rendered":"Polo Performance hombre"},"content":{"rendered":"<ul>\n<li>140 g\/m\u00b2<\/li>\n<li>100% poliester<\/li>\n<li>R\u00e1pida absorci\u00f3n de la humedad y secado r\u00e1pido<\/li>\n<li>Cuello encintado del mismo tejido<\/li>\n<li>Tapeta de 3 botones del mismo color de la prenda<\/li>\n<li>Manga montada<\/li>\n<li>Etiqueta impresa en cuello para mayor comodidad.<\/li>\n<\/ul>","protected":false},"excerpt":{"rendered":"<p>140 g\/m\u00b2100% poliesterR\u00e1pida absorci\u00f3n de la humedad y secado r\u00e1pidoCuello encintado del mismo tejidoTapeta de 3 botones del mismo color de la prendaManga montadaEtiqueta impresa en cuello para may&#8230;<\/p>","protected":false},"featured_media":407021,"comment_status":"open","ping_status":"closed","template":"","meta":{"_acf_changed":false},"product_brand":[11665],"product_cat":[13948,13954,13939,13974,13932,13975,13988,13973],"product_tag":[],"class_list":{"0":"post-351154","1":"product","2":"type-product","3":"status-publish","4":"has-post-thumbnail","6":"product_brand-fruit-of-the-loom","7":"product_cat-accesorios","8":"product_cat-acc-bolsas-y-mochilas","9":"product_cat-deportivo","10":"product_cat-ropa-hombre","11":"product_cat-hosteleria-horeca","12":"product_cat-ropa-mujer","13":"product_cat-m-polos","14":"product_cat-ropa","15":"tm-no-options","17":"first","18":"instock","19":"taxable","20":"shipping-taxable","21":"product-type-variable"},"acf":[],"_links":{"self":[{"href":"https:\/\/grupotextil.es\/ca\/wp-json\/wp\/v2\/product\/351154","targetHints":{"allow":["GET"]}}],"collection":[{"href":"https:\/\/grupotextil.es\/ca\/wp-json\/wp\/v2\/product"}],"about":[{"href":"https:\/\/grupotextil.es\/ca\/wp-json\/wp\/v2\/types\/product"}],"replies":[{"embeddable":true,"href":"https:\/\/grupotextil.es\/ca\/wp-json\/wp\/v2\/comments?post=351154"}],"wp:featuredmedia":[{"embeddable":true,"href":"https:\/\/grupotextil.es\/ca\/wp-json\/wp\/v2\/media\/407021"}],"wp:attachment":[{"href":"https:\/\/grupotextil.es\/ca\/wp-json\/wp\/v2\/media?parent=351154"}],"wp:term":[{"taxonomy":"product_brand","embeddable":true,"href":"https:\/\/grupotextil.es\/ca\/wp-json\/wp\/v2\/product_brand?post=351154"},{"taxonomy":"product_cat","embeddable":true,"href":"https:\/\/grupotextil.es\/ca\/wp-json\/wp\/v2\/product_cat?post=351154"},{"taxonomy":"product_tag","embeddable":true,"href":"https:\/\/grupotextil.es\/ca\/wp-json\/wp\/v2\/product_tag?post=351154"}],"curies":[{"name":"wp","href":"https:\/\/api.w.org\/{rel}","templated":true}]}}