{"id":351206,"date":"2026-03-08T01:34:48","date_gmt":"2026-03-08T00:34:48","guid":{"rendered":"https:\/\/grupotextil.es\/producto\/mochila-endeavour\/"},"modified":"2026-03-08T01:34:48","modified_gmt":"2026-03-08T00:34:48","slug":"mochila-endeavour","status":"publish","type":"product","link":"https:\/\/grupotextil.es\/ca\/product\/mochila-endeavour\/","title":{"rendered":"Mochila Endeavour"},"content":{"rendered":"<ul>\n<li>100% poli\u00e9ster (600D Ripstop)<\/li>\n<li>Asa de mano<\/li>\n<li>Correas acolchadas ajustables en los hombros y en el pecho<\/li>\n<li>Panel trasero acolchado ergon\u00f3mico<\/li>\n<li>Compartimiento acolchado para port\u00e1til hasta 15.6<\/li>\n<li>Bolsillo frontal con cremallera<\/li>\n<li>Bolsillo interior de rejilla y 2 bolsillos con rejilla portabotellas<\/li>\n<li>Detalles reflectantes<\/li>\n<li>Etiqueta extraible para el rebranding<\/li>\n<li>Capacidad: 25 Litros<\/li>\n<li>Medidas: 33 x 46 x 22 cm<\/li>\n<li>Max. bordado: aro tubular 12<\/li>\n<li>Max. \u00c1rea impresi\u00f3n: 12 x 20 cm.<\/li>\n<\/ul>","protected":false},"excerpt":{"rendered":"<p>100% poli\u00e9ster (600D Ripstop)Asa de manoCorreas acolchadas ajustables en los hombros y en el pechoPanel trasero acolchado ergon\u00f3micoCompartimiento acolchado para port\u00e1til hasta 15.6Bolsillo frontal&#8230;<\/p>","protected":false},"featured_media":407084,"comment_status":"open","ping_status":"closed","template":"","meta":{"_acf_changed":false},"product_brand":[11657],"product_cat":[13948,13954,13939,13974,13932,13975,13988,13973],"product_tag":[],"class_list":{"0":"post-351206","1":"product","2":"type-product","3":"status-publish","4":"has-post-thumbnail","6":"product_brand-quadra","7":"product_cat-accesorios","8":"product_cat-acc-bolsas-y-mochilas","9":"product_cat-deportivo","10":"product_cat-ropa-hombre","11":"product_cat-hosteleria-horeca","12":"product_cat-ropa-mujer","13":"product_cat-m-polos","14":"product_cat-ropa","15":"tm-no-options","17":"first","18":"instock","19":"taxable","20":"shipping-taxable","21":"product-type-variable"},"acf":[],"_links":{"self":[{"href":"https:\/\/grupotextil.es\/ca\/wp-json\/wp\/v2\/product\/351206","targetHints":{"allow":["GET"]}}],"collection":[{"href":"https:\/\/grupotextil.es\/ca\/wp-json\/wp\/v2\/product"}],"about":[{"href":"https:\/\/grupotextil.es\/ca\/wp-json\/wp\/v2\/types\/product"}],"replies":[{"embeddable":true,"href":"https:\/\/grupotextil.es\/ca\/wp-json\/wp\/v2\/comments?post=351206"}],"wp:featuredmedia":[{"embeddable":true,"href":"https:\/\/grupotextil.es\/ca\/wp-json\/wp\/v2\/media\/407084"}],"wp:attachment":[{"href":"https:\/\/grupotextil.es\/ca\/wp-json\/wp\/v2\/media?parent=351206"}],"wp:term":[{"taxonomy":"product_brand","embeddable":true,"href":"https:\/\/grupotextil.es\/ca\/wp-json\/wp\/v2\/product_brand?post=351206"},{"taxonomy":"product_cat","embeddable":true,"href":"https:\/\/grupotextil.es\/ca\/wp-json\/wp\/v2\/product_cat?post=351206"},{"taxonomy":"product_tag","embeddable":true,"href":"https:\/\/grupotextil.es\/ca\/wp-json\/wp\/v2\/product_tag?post=351206"}],"curies":[{"name":"wp","href":"https:\/\/api.w.org\/{rel}","templated":true}]}}