{"id":351251,"date":"2026-03-08T01:34:51","date_gmt":"2026-03-08T00:34:51","guid":{"rendered":"https:\/\/grupotextil.es\/producto\/guantes-de-verano\/"},"modified":"2026-03-08T01:34:51","modified_gmt":"2026-03-08T00:34:51","slug":"guantes-de-verano","status":"publish","type":"product","link":"https:\/\/grupotextil.es\/ca\/product\/guantes-de-verano\/","title":{"rendered":"Glove de verano"},"content":{"rendered":"<ul>\n<li>40 g\/m\u00b2<\/li>\n<li>Parte superior: 85% nylon, 15% elast\u00e1n<\/li>\n<li>Palma y correa: 100% poli\u00e9ster (microfibra)<\/li>\n<li>Pulgar: 100% poli\u00e9ster<\/li>\n<li>Protege del viento<\/li>\n<li>Sin dedos<\/li>\n<li>Presilla en dedo central<\/li>\n<li>Palmas acolchadas con superficie de microfibra para m\u00e1s agarre<\/li>\n<li>Tiras ajustable en la mu\u00f1eca<\/li>\n<li>Etiqueta Spiro en el lateral<\/li>\n<li>Unisex<\/li>\n<\/ul>","protected":false},"excerpt":{"rendered":"<p>40 g\/m\u00b2Parte superior: 85% nylon, 15% elast\u00e1nPalma y correa: 100% poli\u00e9ster (microfibra)Pulgar: 100% poli\u00e9sterProtege del vientoSin dedosPresilla en dedo centralPalmas acolchadas con superficie de mic<\/p>","protected":false},"featured_media":407126,"comment_status":"open","ping_status":"closed","template":"","meta":{"_acf_changed":false},"product_brand":[11669],"product_cat":[13948,13954,13939,13974,13932,13975,13988,13973],"product_tag":[],"class_list":{"0":"post-351251","1":"product","2":"type-product","3":"status-publish","4":"has-post-thumbnail","6":"product_brand-result","7":"product_cat-accesorios","8":"product_cat-acc-bolsas-y-mochilas","9":"product_cat-deportivo","10":"product_cat-ropa-hombre","11":"product_cat-hosteleria-horeca","12":"product_cat-ropa-mujer","13":"product_cat-m-polos","14":"product_cat-ropa","15":"tm-no-options","17":"first","18":"instock","19":"taxable","20":"shipping-taxable","21":"product-type-variable"},"acf":[],"_links":{"self":[{"href":"https:\/\/grupotextil.es\/ca\/wp-json\/wp\/v2\/product\/351251","targetHints":{"allow":["GET"]}}],"collection":[{"href":"https:\/\/grupotextil.es\/ca\/wp-json\/wp\/v2\/product"}],"about":[{"href":"https:\/\/grupotextil.es\/ca\/wp-json\/wp\/v2\/types\/product"}],"replies":[{"embeddable":true,"href":"https:\/\/grupotextil.es\/ca\/wp-json\/wp\/v2\/comments?post=351251"}],"wp:featuredmedia":[{"embeddable":true,"href":"https:\/\/grupotextil.es\/ca\/wp-json\/wp\/v2\/media\/407126"}],"wp:attachment":[{"href":"https:\/\/grupotextil.es\/ca\/wp-json\/wp\/v2\/media?parent=351251"}],"wp:term":[{"taxonomy":"product_brand","embeddable":true,"href":"https:\/\/grupotextil.es\/ca\/wp-json\/wp\/v2\/product_brand?post=351251"},{"taxonomy":"product_cat","embeddable":true,"href":"https:\/\/grupotextil.es\/ca\/wp-json\/wp\/v2\/product_cat?post=351251"},{"taxonomy":"product_tag","embeddable":true,"href":"https:\/\/grupotextil.es\/ca\/wp-json\/wp\/v2\/product_tag?post=351251"}],"curies":[{"name":"wp","href":"https:\/\/api.w.org\/{rel}","templated":true}]}}