{"id":351255,"date":"2026-03-08T01:34:51","date_gmt":"2026-03-08T00:34:51","guid":{"rendered":"https:\/\/grupotextil.es\/producto\/camiseta-organica-breton-bebe\/"},"modified":"2026-03-08T01:34:51","modified_gmt":"2026-03-08T00:34:51","slug":"camiseta-organica-breton-bebe","status":"publish","type":"product","link":"https:\/\/grupotextil.es\/ca\/product\/camiseta-organica-breton-bebe\/","title":{"rendered":"Camiseta org\u00e1nico Breton beb\u00e9"},"content":{"rendered":"<ul>\n<li>200 g\/m\u00b2<\/li>\n<li>100% algod\u00f3n org\u00e1nico<\/li>\n<li>Tejido suave y el\u00e1stico<\/li>\n<li>Rayas de 1 y 2cm te\u00f1idas<\/li>\n<li>Abertura de botones sin n\u00edquel en el hombro<\/li>\n<li>Panel de refuerzo en cuello<\/li>\n<li>Aberturas laterales<\/li>\n<li>Ca\u00edda m\u00e1s larga en la espalda<\/li>\n<li>Etiqueta extra\u00edble<\/li>\n<\/ul>","protected":false},"excerpt":{"rendered":"<p>200 g\/m\u00b2100% algod\u00f3n org\u00e1nicoTejido suave y el\u00e1sticoRayas de 1 y 2cm te\u00f1idasAbertura de botones sin n\u00edquel en el hombroPanel de refuerzo en cuelloAberturas lateralesCa\u00edda m\u00e1s larga en la espaldaEtique<\/p>","protected":false},"featured_media":407130,"comment_status":"open","ping_status":"closed","template":"","meta":{"_acf_changed":false},"product_brand":[11662],"product_cat":[13948,13954,13939,13974,13932,13975,13988,13973],"product_tag":[],"class_list":{"0":"post-351255","1":"product","2":"type-product","3":"status-publish","4":"has-post-thumbnail","6":"product_brand-babybugz","7":"product_cat-accesorios","8":"product_cat-acc-bolsas-y-mochilas","9":"product_cat-deportivo","10":"product_cat-ropa-hombre","11":"product_cat-hosteleria-horeca","12":"product_cat-ropa-mujer","13":"product_cat-m-polos","14":"product_cat-ropa","15":"tm-no-options","17":"first","18":"instock","19":"taxable","20":"shipping-taxable","21":"product-type-variable"},"acf":[],"_links":{"self":[{"href":"https:\/\/grupotextil.es\/ca\/wp-json\/wp\/v2\/product\/351255","targetHints":{"allow":["GET"]}}],"collection":[{"href":"https:\/\/grupotextil.es\/ca\/wp-json\/wp\/v2\/product"}],"about":[{"href":"https:\/\/grupotextil.es\/ca\/wp-json\/wp\/v2\/types\/product"}],"replies":[{"embeddable":true,"href":"https:\/\/grupotextil.es\/ca\/wp-json\/wp\/v2\/comments?post=351255"}],"wp:featuredmedia":[{"embeddable":true,"href":"https:\/\/grupotextil.es\/ca\/wp-json\/wp\/v2\/media\/407130"}],"wp:attachment":[{"href":"https:\/\/grupotextil.es\/ca\/wp-json\/wp\/v2\/media?parent=351255"}],"wp:term":[{"taxonomy":"product_brand","embeddable":true,"href":"https:\/\/grupotextil.es\/ca\/wp-json\/wp\/v2\/product_brand?post=351255"},{"taxonomy":"product_cat","embeddable":true,"href":"https:\/\/grupotextil.es\/ca\/wp-json\/wp\/v2\/product_cat?post=351255"},{"taxonomy":"product_tag","embeddable":true,"href":"https:\/\/grupotextil.es\/ca\/wp-json\/wp\/v2\/product_tag?post=351255"}],"curies":[{"name":"wp","href":"https:\/\/api.w.org\/{rel}","templated":true}]}}