{"id":351294,"date":"2026-03-08T01:34:52","date_gmt":"2026-03-08T00:34:52","guid":{"rendered":"https:\/\/grupotextil.es\/producto\/guantes-de-invierno\/"},"modified":"2026-03-08T01:34:52","modified_gmt":"2026-03-08T00:34:52","slug":"guantes-de-invierno","status":"publish","type":"product","link":"https:\/\/grupotextil.es\/ca\/product\/guantes-de-invierno\/","title":{"rendered":"Glove de invierno"},"content":{"rendered":"<ul>\n<li>80 g\/m\u00b2<\/li>\n<li>Parte superior y pu\u00f1os: 100% poli\u00e9ster<\/li>\n<li>Palma, parches y relleno: 100% poliuretano<\/li>\n<li>C\u00e1lidos y c\u00f3modos<\/li>\n<li>Protege del viento<\/li>\n<li>Parches acolchados de poliuretano de poliuretano para m\u00e1s agarre<\/li>\n<li>Pu\u00f1os el\u00e1sticos<\/li>\n<li>Etiqueta Spiro<\/li>\n<li>Unisex<\/li>\n<\/ul>","protected":false},"excerpt":{"rendered":"<p>80 g\/m\u00b2Parte superior y pu\u00f1os: 100% poli\u00e9sterPalma, parches y relleno: 100% poliuretanoC\u00e1lidos y c\u00f3modosProtege del vientoParches acolchados de poliuretano de poliuretano para m\u00e1s agarrePu\u00f1os el\u00e1stico<\/p>","protected":false},"featured_media":407162,"comment_status":"open","ping_status":"closed","template":"","meta":{"_acf_changed":false},"product_brand":[11669],"product_cat":[13948,13954,13939,13974,13932,13975,13988,13973],"product_tag":[],"class_list":{"0":"post-351294","1":"product","2":"type-product","3":"status-publish","4":"has-post-thumbnail","6":"product_brand-result","7":"product_cat-accesorios","8":"product_cat-acc-bolsas-y-mochilas","9":"product_cat-deportivo","10":"product_cat-ropa-hombre","11":"product_cat-hosteleria-horeca","12":"product_cat-ropa-mujer","13":"product_cat-m-polos","14":"product_cat-ropa","15":"tm-no-options","17":"first","18":"instock","19":"taxable","20":"shipping-taxable","21":"product-type-variable"},"acf":[],"_links":{"self":[{"href":"https:\/\/grupotextil.es\/ca\/wp-json\/wp\/v2\/product\/351294","targetHints":{"allow":["GET"]}}],"collection":[{"href":"https:\/\/grupotextil.es\/ca\/wp-json\/wp\/v2\/product"}],"about":[{"href":"https:\/\/grupotextil.es\/ca\/wp-json\/wp\/v2\/types\/product"}],"replies":[{"embeddable":true,"href":"https:\/\/grupotextil.es\/ca\/wp-json\/wp\/v2\/comments?post=351294"}],"wp:featuredmedia":[{"embeddable":true,"href":"https:\/\/grupotextil.es\/ca\/wp-json\/wp\/v2\/media\/407162"}],"wp:attachment":[{"href":"https:\/\/grupotextil.es\/ca\/wp-json\/wp\/v2\/media?parent=351294"}],"wp:term":[{"taxonomy":"product_brand","embeddable":true,"href":"https:\/\/grupotextil.es\/ca\/wp-json\/wp\/v2\/product_brand?post=351294"},{"taxonomy":"product_cat","embeddable":true,"href":"https:\/\/grupotextil.es\/ca\/wp-json\/wp\/v2\/product_cat?post=351294"},{"taxonomy":"product_tag","embeddable":true,"href":"https:\/\/grupotextil.es\/ca\/wp-json\/wp\/v2\/product_tag?post=351294"}],"curies":[{"name":"wp","href":"https:\/\/api.w.org\/{rel}","templated":true}]}}