{"id":351361,"date":"2026-03-08T01:34:56","date_gmt":"2026-03-08T00:34:56","guid":{"rendered":"https:\/\/grupotextil.es\/producto\/top-cremallera-entera-bicicleta-hombre\/"},"modified":"2026-03-08T01:34:56","modified_gmt":"2026-03-08T00:34:56","slug":"top-cremallera-entera-bicicleta-hombre","status":"publish","type":"product","link":"https:\/\/grupotextil.es\/ca\/product\/top-cremallera-entera-bicicleta-hombre\/","title":{"rendered":"Top cremallera entera bicicleta hombre"},"content":{"rendered":"<ul>\n<li>170 g\/m\u00b2<\/li>\n<li>100% poli\u00e9ster (Interlock, COO-DRY\u00ae yarns)<\/li>\n<li>Paneles con forma y transpirables<\/li>\n<li>Protecci\u00f3n UV<\/li>\n<li>Mantiene la piel fresca y c\u00f3moda<\/li>\n<li>Bolsillo para llaves con cremallera<\/li>\n<li>Ribete reflectante, transpirable<\/li>\n<li>Logo impreso SPIRO ultra refletante en el bolsillo trasero central<\/li>\n<li>Adecuado para bordar y transfer<\/li>\n<li>COLORES DESCATALOGADOS: Se retiran 5 colores de la colecci\u00f3n Falk&amp;Ross (Todav\u00eda est\u00e1n en el portfolio del fabricante).<\/li>\n<\/ul>","protected":false},"excerpt":{"rendered":"<p>170 g\/m\u00b2100% poli\u00e9ster (Interlock, COO-DRY\u00ae yarns)Paneles con forma y transpirablesProtecci\u00f3n UVMantiene la piel fresca y c\u00f3modaBolsillo para llaves con cremalleraRibete reflectante, transpirableLo&#8230;<\/p>","protected":false},"featured_media":407284,"comment_status":"open","ping_status":"closed","template":"","meta":{"_acf_changed":false},"product_brand":[11669],"product_cat":[13948,13954,13939,13976],"product_tag":[],"class_list":{"0":"post-351361","1":"product","2":"type-product","3":"status-publish","4":"has-post-thumbnail","6":"product_brand-result","7":"product_cat-accesorios","8":"product_cat-acc-bolsas-y-mochilas","9":"product_cat-deportivo","10":"product_cat-ropa-nino","11":"tm-no-options","13":"first","14":"instock","15":"taxable","16":"shipping-taxable","17":"product-type-variable"},"acf":[],"_links":{"self":[{"href":"https:\/\/grupotextil.es\/ca\/wp-json\/wp\/v2\/product\/351361","targetHints":{"allow":["GET"]}}],"collection":[{"href":"https:\/\/grupotextil.es\/ca\/wp-json\/wp\/v2\/product"}],"about":[{"href":"https:\/\/grupotextil.es\/ca\/wp-json\/wp\/v2\/types\/product"}],"replies":[{"embeddable":true,"href":"https:\/\/grupotextil.es\/ca\/wp-json\/wp\/v2\/comments?post=351361"}],"wp:featuredmedia":[{"embeddable":true,"href":"https:\/\/grupotextil.es\/ca\/wp-json\/wp\/v2\/media\/407284"}],"wp:attachment":[{"href":"https:\/\/grupotextil.es\/ca\/wp-json\/wp\/v2\/media?parent=351361"}],"wp:term":[{"taxonomy":"product_brand","embeddable":true,"href":"https:\/\/grupotextil.es\/ca\/wp-json\/wp\/v2\/product_brand?post=351361"},{"taxonomy":"product_cat","embeddable":true,"href":"https:\/\/grupotextil.es\/ca\/wp-json\/wp\/v2\/product_cat?post=351361"},{"taxonomy":"product_tag","embeddable":true,"href":"https:\/\/grupotextil.es\/ca\/wp-json\/wp\/v2\/product_tag?post=351361"}],"curies":[{"name":"wp","href":"https:\/\/api.w.org\/{rel}","templated":true}]}}