{"id":351388,"date":"2026-03-08T01:34:57","date_gmt":"2026-03-08T00:34:57","guid":{"rendered":"https:\/\/grupotextil.es\/producto\/chaqueta-organica-denim-rocks-bebe\/"},"modified":"2026-03-08T01:34:57","modified_gmt":"2026-03-08T00:34:57","slug":"chaqueta-organica-denim-rocks-bebe","status":"publish","type":"product","link":"https:\/\/grupotextil.es\/ca\/product\/chaqueta-organica-denim-rocks-bebe\/","title":{"rendered":"Chaqueta org\u00e1nico Denim Rocks beb\u00e9"},"content":{"rendered":"<ul>\n<li>305 g\/m\u00b2<\/li>\n<li>100% algod\u00f3n org\u00e1nico<\/li>\n<li>Tejido estilo jeans<\/li>\n<li>Cierre frontal de 5 corchetes sin n\u00edquel<\/li>\n<li>2 solapas de bolsillo en el pecho con corchetes<\/li>\n<li>Espalda lisa para el m\u00e1ximo espacio de decoraci\u00f3n<\/li>\n<li>Cierre con botones en pu\u00f1os<\/li>\n<li>Pesta\u00f1as con corchetes en el dobladillo trasero<\/li>\n<li>Etiqueta extra\u00edble<\/li>\n<\/ul>","protected":false},"excerpt":{"rendered":"<p>305 g\/m\u00b2100% algod\u00f3n org\u00e1nicoTejido estilo jeansCierre frontal de 5 corchetes sin n\u00edquel2 solapas de bolsillo en el pecho con corchetesEspalda lisa para el m\u00e1ximo espacio de decoraci\u00f3nCierre con boton<\/p>","protected":false},"featured_media":407309,"comment_status":"open","ping_status":"closed","template":"","meta":{"_acf_changed":false},"product_brand":[11662],"product_cat":[13948,13954,13939,13976],"product_tag":[],"class_list":{"0":"post-351388","1":"product","2":"type-product","3":"status-publish","4":"has-post-thumbnail","6":"product_brand-babybugz","7":"product_cat-accesorios","8":"product_cat-acc-bolsas-y-mochilas","9":"product_cat-deportivo","10":"product_cat-ropa-nino","11":"tm-no-options","13":"first","14":"instock","15":"taxable","16":"shipping-taxable","17":"product-type-variable"},"acf":[],"_links":{"self":[{"href":"https:\/\/grupotextil.es\/ca\/wp-json\/wp\/v2\/product\/351388","targetHints":{"allow":["GET"]}}],"collection":[{"href":"https:\/\/grupotextil.es\/ca\/wp-json\/wp\/v2\/product"}],"about":[{"href":"https:\/\/grupotextil.es\/ca\/wp-json\/wp\/v2\/types\/product"}],"replies":[{"embeddable":true,"href":"https:\/\/grupotextil.es\/ca\/wp-json\/wp\/v2\/comments?post=351388"}],"wp:featuredmedia":[{"embeddable":true,"href":"https:\/\/grupotextil.es\/ca\/wp-json\/wp\/v2\/media\/407309"}],"wp:attachment":[{"href":"https:\/\/grupotextil.es\/ca\/wp-json\/wp\/v2\/media?parent=351388"}],"wp:term":[{"taxonomy":"product_brand","embeddable":true,"href":"https:\/\/grupotextil.es\/ca\/wp-json\/wp\/v2\/product_brand?post=351388"},{"taxonomy":"product_cat","embeddable":true,"href":"https:\/\/grupotextil.es\/ca\/wp-json\/wp\/v2\/product_cat?post=351388"},{"taxonomy":"product_tag","embeddable":true,"href":"https:\/\/grupotextil.es\/ca\/wp-json\/wp\/v2\/product_tag?post=351388"}],"curies":[{"name":"wp","href":"https:\/\/api.w.org\/{rel}","templated":true}]}}