{"id":351425,"date":"2026-03-08T01:35:03","date_gmt":"2026-03-08T00:35:03","guid":{"rendered":"https:\/\/grupotextil.es\/producto\/babero-organico-denim-rocks-bebe\/"},"modified":"2026-03-08T01:35:03","modified_gmt":"2026-03-08T00:35:03","slug":"babero-organico-denim-rocks-bebe","status":"publish","type":"product","link":"https:\/\/grupotextil.es\/ca\/product\/babero-organico-denim-rocks-bebe\/","title":{"rendered":"Babero org\u00e1nico Denim Rocks beb\u00e9"},"content":{"rendered":"<ul>\n<li>305 g\/m\u00b2<\/li>\n<li>100% algod\u00f3n org\u00e1nico<\/li>\n<li>Tejido estilo jeans<\/li>\n<li>Una sola capa<\/li>\n<li>Dos corchetes sin n\u00edquel para un cierre f\u00e1cil y ajustable<\/li>\n<li>Ribete en los bordes para reforzar la forma<\/li>\n<li>Etiqueta extra\u00edble<\/li>\n<\/ul>","protected":false},"excerpt":{"rendered":"<p>305 g\/m\u00b2100% algod\u00f3n org\u00e1nicoTejido estilo jeansUna sola capaDos corchetes sin n\u00edquel para un cierre f\u00e1cil y ajustableRibete en los bordes para reforzar la formaEtiqueta extra\u00edble<\/p>","protected":false},"featured_media":407373,"comment_status":"open","ping_status":"closed","template":"","meta":{"_acf_changed":false},"product_brand":[11662],"product_cat":[13948,13954,13939,13976],"product_tag":[],"class_list":{"0":"post-351425","1":"product","2":"type-product","3":"status-publish","4":"has-post-thumbnail","6":"product_brand-babybugz","7":"product_cat-accesorios","8":"product_cat-acc-bolsas-y-mochilas","9":"product_cat-deportivo","10":"product_cat-ropa-nino","11":"tm-no-options","13":"first","14":"instock","15":"taxable","16":"shipping-taxable","17":"product-type-variable"},"acf":[],"_links":{"self":[{"href":"https:\/\/grupotextil.es\/ca\/wp-json\/wp\/v2\/product\/351425","targetHints":{"allow":["GET"]}}],"collection":[{"href":"https:\/\/grupotextil.es\/ca\/wp-json\/wp\/v2\/product"}],"about":[{"href":"https:\/\/grupotextil.es\/ca\/wp-json\/wp\/v2\/types\/product"}],"replies":[{"embeddable":true,"href":"https:\/\/grupotextil.es\/ca\/wp-json\/wp\/v2\/comments?post=351425"}],"wp:featuredmedia":[{"embeddable":true,"href":"https:\/\/grupotextil.es\/ca\/wp-json\/wp\/v2\/media\/407373"}],"wp:attachment":[{"href":"https:\/\/grupotextil.es\/ca\/wp-json\/wp\/v2\/media?parent=351425"}],"wp:term":[{"taxonomy":"product_brand","embeddable":true,"href":"https:\/\/grupotextil.es\/ca\/wp-json\/wp\/v2\/product_brand?post=351425"},{"taxonomy":"product_cat","embeddable":true,"href":"https:\/\/grupotextil.es\/ca\/wp-json\/wp\/v2\/product_cat?post=351425"},{"taxonomy":"product_tag","embeddable":true,"href":"https:\/\/grupotextil.es\/ca\/wp-json\/wp\/v2\/product_tag?post=351425"}],"curies":[{"name":"wp","href":"https:\/\/api.w.org\/{rel}","templated":true}]}}