{"id":351447,"date":"2026-03-08T01:35:05","date_gmt":"2026-03-08T00:35:05","guid":{"rendered":"https:\/\/grupotextil.es\/producto\/leggings-hombre\/"},"modified":"2026-03-08T01:35:05","modified_gmt":"2026-03-08T00:35:05","slug":"leggings-hombre","status":"publish","type":"product","link":"https:\/\/grupotextil.es\/ca\/product\/leggings-hombre\/","title":{"rendered":"Leggings hombre"},"content":{"rendered":"<ul>\n<li>200 g\/m\u00b2<\/li>\n<li>80% poliamida (nylon), 20% elast\u00e1n<\/li>\n<li>Transpirable<\/li>\n<li>Cintura el\u00e1stica y cord\u00f3n<\/li>\n<li>Costuras laterales con costura plana<\/li>\n<li>Paneles con puntadas en color de contraste<\/li>\n<li>Bolsillo interior para llaves<\/li>\n<li>Logo impreso SPIRO ultra reflectante en el muslo izquierdo y en el tobillo derecho<\/li>\n<li>Adecuado para bordar y transfer<\/li>\n<\/ul>","protected":false},"excerpt":{"rendered":"<p>200 g\/m\u00b280% poliamida (nylon), 20% elast\u00e1nTranspirableCintura el\u00e1stica y cord\u00f3nCosturas laterales con costura planaPaneles con puntadas en color de contrasteBolsillo interior para llavesLogo impreso S<\/p>","protected":false},"featured_media":407398,"comment_status":"open","ping_status":"closed","template":"","meta":{"_acf_changed":false},"product_brand":[11669],"product_cat":[13948,13954,13939,13976],"product_tag":[],"class_list":{"0":"post-351447","1":"product","2":"type-product","3":"status-publish","4":"has-post-thumbnail","6":"product_brand-result","7":"product_cat-accesorios","8":"product_cat-acc-bolsas-y-mochilas","9":"product_cat-deportivo","10":"product_cat-ropa-nino","11":"tm-no-options","13":"first","14":"instock","15":"taxable","16":"shipping-taxable","17":"product-type-variable"},"acf":[],"_links":{"self":[{"href":"https:\/\/grupotextil.es\/ca\/wp-json\/wp\/v2\/product\/351447","targetHints":{"allow":["GET"]}}],"collection":[{"href":"https:\/\/grupotextil.es\/ca\/wp-json\/wp\/v2\/product"}],"about":[{"href":"https:\/\/grupotextil.es\/ca\/wp-json\/wp\/v2\/types\/product"}],"replies":[{"embeddable":true,"href":"https:\/\/grupotextil.es\/ca\/wp-json\/wp\/v2\/comments?post=351447"}],"wp:featuredmedia":[{"embeddable":true,"href":"https:\/\/grupotextil.es\/ca\/wp-json\/wp\/v2\/media\/407398"}],"wp:attachment":[{"href":"https:\/\/grupotextil.es\/ca\/wp-json\/wp\/v2\/media?parent=351447"}],"wp:term":[{"taxonomy":"product_brand","embeddable":true,"href":"https:\/\/grupotextil.es\/ca\/wp-json\/wp\/v2\/product_brand?post=351447"},{"taxonomy":"product_cat","embeddable":true,"href":"https:\/\/grupotextil.es\/ca\/wp-json\/wp\/v2\/product_cat?post=351447"},{"taxonomy":"product_tag","embeddable":true,"href":"https:\/\/grupotextil.es\/ca\/wp-json\/wp\/v2\/product_tag?post=351447"}],"curies":[{"name":"wp","href":"https:\/\/api.w.org\/{rel}","templated":true}]}}