{"id":351511,"date":"2026-03-08T01:35:10","date_gmt":"2026-03-08T00:35:10","guid":{"rendered":"https:\/\/grupotextil.es\/producto\/camiseta-bebe-made-in-africa\/"},"modified":"2026-03-08T01:35:10","modified_gmt":"2026-03-08T00:35:10","slug":"camiseta-bebe-made-in-africa","status":"publish","type":"product","link":"https:\/\/grupotextil.es\/ca\/product\/camiseta-bebe-made-in-africa\/","title":{"rendered":"Camiseta beb\u00e9 Made in Africa"},"content":{"rendered":"<ul>\n<li>150 g\/m\u00b2<\/li>\n<li>100% algod\u00f3n org\u00e1nico<\/li>\n<li>Pespunte alrededor del cuello<\/li>\n<li>Cierres sin n\u00edquel en la abertura de los hombros para facilitar el ajuste<\/li>\n<li>Con puntadas de cobertura tanto en la manga como en el dobladillo inferior<\/li>\n<li>Etiqueta extra\u00edble<\/li>\n<\/ul>","protected":false},"excerpt":{"rendered":"<p>150 g\/m\u00b2100% algod\u00f3n org\u00e1nicoPespunte alrededor del cuelloCierres sin n\u00edquel en la abertura de los hombros para facilitar el ajusteCon puntadas de cobertura tanto en la manga como en el dobladillo inf<\/p>","protected":false},"featured_media":407462,"comment_status":"open","ping_status":"closed","template":"","meta":{"_acf_changed":false},"product_brand":[11662],"product_cat":[13948,10160,13954,13939,13976,13973,14002],"product_tag":[],"class_list":{"0":"post-351511","1":"product","2":"type-product","3":"status-publish","4":"has-post-thumbnail","6":"product_brand-babybugz","7":"product_cat-accesorios","8":"product_cat-ropa-bebe","9":"product_cat-acc-bolsas-y-mochilas","10":"product_cat-deportivo","11":"product_cat-ropa-nino","12":"product_cat-ropa","13":"product_cat-b-sudaderas","14":"tm-no-options","16":"first","17":"instock","18":"taxable","19":"shipping-taxable","20":"product-type-variable"},"acf":[],"_links":{"self":[{"href":"https:\/\/grupotextil.es\/ca\/wp-json\/wp\/v2\/product\/351511","targetHints":{"allow":["GET"]}}],"collection":[{"href":"https:\/\/grupotextil.es\/ca\/wp-json\/wp\/v2\/product"}],"about":[{"href":"https:\/\/grupotextil.es\/ca\/wp-json\/wp\/v2\/types\/product"}],"replies":[{"embeddable":true,"href":"https:\/\/grupotextil.es\/ca\/wp-json\/wp\/v2\/comments?post=351511"}],"wp:featuredmedia":[{"embeddable":true,"href":"https:\/\/grupotextil.es\/ca\/wp-json\/wp\/v2\/media\/407462"}],"wp:attachment":[{"href":"https:\/\/grupotextil.es\/ca\/wp-json\/wp\/v2\/media?parent=351511"}],"wp:term":[{"taxonomy":"product_brand","embeddable":true,"href":"https:\/\/grupotextil.es\/ca\/wp-json\/wp\/v2\/product_brand?post=351511"},{"taxonomy":"product_cat","embeddable":true,"href":"https:\/\/grupotextil.es\/ca\/wp-json\/wp\/v2\/product_cat?post=351511"},{"taxonomy":"product_tag","embeddable":true,"href":"https:\/\/grupotextil.es\/ca\/wp-json\/wp\/v2\/product_tag?post=351511"}],"curies":[{"name":"wp","href":"https:\/\/api.w.org\/{rel}","templated":true}]}}