{"id":351533,"date":"2026-03-08T01:35:12","date_gmt":"2026-03-08T00:35:12","guid":{"rendered":"https:\/\/grupotextil.es\/producto\/gorro-bebe\/"},"modified":"2026-03-08T01:35:12","modified_gmt":"2026-03-08T00:35:12","slug":"gorro-bebe","status":"publish","type":"product","link":"https:\/\/grupotextil.es\/ca\/product\/gorro-bebe\/","title":{"rendered":"Beanie beb\u00e9"},"content":{"rendered":"<ul>\n<li>200 g\/m\u00b2<\/li>\n<li>100% algod\u00f3n org\u00e1nico ring-spun<\/li>\n<li>Dobladillo ancho para mayor comodidad<\/li>\n<li>Etiqueta extra\u00edble<\/li>\n<\/ul>","protected":false},"excerpt":{"rendered":"<p>200 g\/m\u00b2100% algod\u00f3n org\u00e1nico ring-spunDobladillo ancho para mayor comodidadEtiqueta extra\u00edble<\/p>","protected":false},"featured_media":407488,"comment_status":"open","ping_status":"closed","template":"","meta":{"_acf_changed":false},"product_brand":[11662],"product_cat":[13948,10160,13954,13939,13976,13973,14002],"product_tag":[],"class_list":{"0":"post-351533","1":"product","2":"type-product","3":"status-publish","4":"has-post-thumbnail","6":"product_brand-babybugz","7":"product_cat-accesorios","8":"product_cat-ropa-bebe","9":"product_cat-acc-bolsas-y-mochilas","10":"product_cat-deportivo","11":"product_cat-ropa-nino","12":"product_cat-ropa","13":"product_cat-b-sudaderas","14":"tm-no-options","16":"first","17":"instock","18":"taxable","19":"shipping-taxable","20":"product-type-variable"},"acf":[],"_links":{"self":[{"href":"https:\/\/grupotextil.es\/ca\/wp-json\/wp\/v2\/product\/351533","targetHints":{"allow":["GET"]}}],"collection":[{"href":"https:\/\/grupotextil.es\/ca\/wp-json\/wp\/v2\/product"}],"about":[{"href":"https:\/\/grupotextil.es\/ca\/wp-json\/wp\/v2\/types\/product"}],"replies":[{"embeddable":true,"href":"https:\/\/grupotextil.es\/ca\/wp-json\/wp\/v2\/comments?post=351533"}],"wp:featuredmedia":[{"embeddable":true,"href":"https:\/\/grupotextil.es\/ca\/wp-json\/wp\/v2\/media\/407488"}],"wp:attachment":[{"href":"https:\/\/grupotextil.es\/ca\/wp-json\/wp\/v2\/media?parent=351533"}],"wp:term":[{"taxonomy":"product_brand","embeddable":true,"href":"https:\/\/grupotextil.es\/ca\/wp-json\/wp\/v2\/product_brand?post=351533"},{"taxonomy":"product_cat","embeddable":true,"href":"https:\/\/grupotextil.es\/ca\/wp-json\/wp\/v2\/product_cat?post=351533"},{"taxonomy":"product_tag","embeddable":true,"href":"https:\/\/grupotextil.es\/ca\/wp-json\/wp\/v2\/product_tag?post=351533"}],"curies":[{"name":"wp","href":"https:\/\/api.w.org\/{rel}","templated":true}]}}