{"id":351540,"date":"2026-03-08T01:35:14","date_gmt":"2026-03-08T00:35:14","guid":{"rendered":"https:\/\/grupotextil.es\/producto\/bufanda-stadium\/"},"modified":"2026-03-08T01:35:14","modified_gmt":"2026-03-08T00:35:14","slug":"bufanda-stadium","status":"publish","type":"product","link":"https:\/\/grupotextil.es\/ca\/product\/bufanda-stadium\/","title":{"rendered":"Scarf Stadium"},"content":{"rendered":"<ul>\n<li>100% poliacr\u00edlico (Tacto suave)<\/li>\n<li>Tejido a doble capa<\/li>\n<li>Flecos en los extremos<\/li>\n<li>Cl\u00e1sicas combinaciones de colores<\/li>\n<li>Tama\u00f1o: 182 x 18 cm.<\/li>\n<\/ul>","protected":false},"excerpt":{"rendered":"<p>100% poliacr\u00edlico (Tacto suave)Tejido a doble capaFlecos en los extremosCl\u00e1sicas combinaciones de coloresTama\u00f1o: 182 x 18 cm.<\/p>","protected":false},"featured_media":407490,"comment_status":"open","ping_status":"closed","template":"","meta":{"_acf_changed":false},"product_brand":[11655],"product_cat":[13948,10160,13954,13939,13976,13973,14002],"product_tag":[],"class_list":{"0":"post-351540","1":"product","2":"type-product","3":"status-publish","4":"has-post-thumbnail","6":"product_brand-beechfield","7":"product_cat-accesorios","8":"product_cat-ropa-bebe","9":"product_cat-acc-bolsas-y-mochilas","10":"product_cat-deportivo","11":"product_cat-ropa-nino","12":"product_cat-ropa","13":"product_cat-b-sudaderas","14":"tm-no-options","16":"first","17":"instock","18":"taxable","19":"shipping-taxable","20":"product-type-variable"},"acf":[],"_links":{"self":[{"href":"https:\/\/grupotextil.es\/ca\/wp-json\/wp\/v2\/product\/351540","targetHints":{"allow":["GET"]}}],"collection":[{"href":"https:\/\/grupotextil.es\/ca\/wp-json\/wp\/v2\/product"}],"about":[{"href":"https:\/\/grupotextil.es\/ca\/wp-json\/wp\/v2\/types\/product"}],"replies":[{"embeddable":true,"href":"https:\/\/grupotextil.es\/ca\/wp-json\/wp\/v2\/comments?post=351540"}],"wp:featuredmedia":[{"embeddable":true,"href":"https:\/\/grupotextil.es\/ca\/wp-json\/wp\/v2\/media\/407490"}],"wp:attachment":[{"href":"https:\/\/grupotextil.es\/ca\/wp-json\/wp\/v2\/media?parent=351540"}],"wp:term":[{"taxonomy":"product_brand","embeddable":true,"href":"https:\/\/grupotextil.es\/ca\/wp-json\/wp\/v2\/product_brand?post=351540"},{"taxonomy":"product_cat","embeddable":true,"href":"https:\/\/grupotextil.es\/ca\/wp-json\/wp\/v2\/product_cat?post=351540"},{"taxonomy":"product_tag","embeddable":true,"href":"https:\/\/grupotextil.es\/ca\/wp-json\/wp\/v2\/product_tag?post=351540"}],"curies":[{"name":"wp","href":"https:\/\/api.w.org\/{rel}","templated":true}]}}