{"id":351713,"date":"2026-03-08T01:35:34","date_gmt":"2026-03-08T00:35:34","guid":{"rendered":"https:\/\/grupotextil.es\/producto\/sudadera-con-cremallera-1-4-para-bebes\/"},"modified":"2026-03-08T01:35:34","modified_gmt":"2026-03-08T00:35:34","slug":"sudadera-con-cremallera-1-4-para-bebes","status":"publish","type":"product","link":"https:\/\/grupotextil.es\/ca\/product\/sudadera-con-cremallera-1-4-para-bebes\/","title":{"rendered":"Sudadera con cremallera 1\/4 para beb\u00e9s"},"content":{"rendered":"<ul>\n<li>280 g\/m\u00b2<\/li>\n<li>80% Algod\u00f3n (Org\u00e1nico u Org\u00e1nico en Conversi\u00f3n), 20% Poli\u00e9ster (Reciclado, rPET)<\/li>\n<li>Interior felpado<\/li>\n<li>1\/4 cremallera con protector<\/li>\n<li>Cinta interior en el cuello<\/li>\n<li>Mangas montadas<\/li>\n<li>Pu\u00f1os, dobladillo y cuello acanalados<\/li>\n<li>Etiqueta extra\u00edble<\/li>\n<li>Etiqueta lateral con c\u00f3digo QR con info cadena de suministro e impacto positivo de comprar productos org\u00e1nicos<\/li>\n<\/ul>","protected":false},"excerpt":{"rendered":"<p>280 g\/m\u00b280% Algod\u00f3n (Org\u00e1nico u Org\u00e1nico en Conversi\u00f3n), 20% Poli\u00e9ster (Reciclado, rPET)Interior felpado1\/4 cremallera con protectorCinta interior en el cuelloMangas montadasPu\u00f1os, dobladillo y cuello<\/p>","protected":false},"featured_media":407618,"comment_status":"open","ping_status":"closed","template":"","meta":{"_acf_changed":false},"product_brand":[11662],"product_cat":[13948,10160,13954,13939,13976,13973,14002],"product_tag":[],"class_list":{"0":"post-351713","1":"product","2":"type-product","3":"status-publish","4":"has-post-thumbnail","6":"product_brand-babybugz","7":"product_cat-accesorios","8":"product_cat-ropa-bebe","9":"product_cat-acc-bolsas-y-mochilas","10":"product_cat-deportivo","11":"product_cat-ropa-nino","12":"product_cat-ropa","13":"product_cat-b-sudaderas","14":"tm-no-options","16":"first","17":"instock","18":"taxable","19":"shipping-taxable","20":"product-type-variable"},"acf":[],"_links":{"self":[{"href":"https:\/\/grupotextil.es\/ca\/wp-json\/wp\/v2\/product\/351713","targetHints":{"allow":["GET"]}}],"collection":[{"href":"https:\/\/grupotextil.es\/ca\/wp-json\/wp\/v2\/product"}],"about":[{"href":"https:\/\/grupotextil.es\/ca\/wp-json\/wp\/v2\/types\/product"}],"replies":[{"embeddable":true,"href":"https:\/\/grupotextil.es\/ca\/wp-json\/wp\/v2\/comments?post=351713"}],"wp:featuredmedia":[{"embeddable":true,"href":"https:\/\/grupotextil.es\/ca\/wp-json\/wp\/v2\/media\/407618"}],"wp:attachment":[{"href":"https:\/\/grupotextil.es\/ca\/wp-json\/wp\/v2\/media?parent=351713"}],"wp:term":[{"taxonomy":"product_brand","embeddable":true,"href":"https:\/\/grupotextil.es\/ca\/wp-json\/wp\/v2\/product_brand?post=351713"},{"taxonomy":"product_cat","embeddable":true,"href":"https:\/\/grupotextil.es\/ca\/wp-json\/wp\/v2\/product_cat?post=351713"},{"taxonomy":"product_tag","embeddable":true,"href":"https:\/\/grupotextil.es\/ca\/wp-json\/wp\/v2\/product_tag?post=351713"}],"curies":[{"name":"wp","href":"https:\/\/api.w.org\/{rel}","templated":true}]}}