{"id":351856,"date":"2026-03-08T01:35:46","date_gmt":"2026-03-08T00:35:46","guid":{"rendered":"https:\/\/grupotextil.es\/producto\/pantalon-corto-deportivo-classic-fit\/"},"modified":"2026-03-08T01:35:46","modified_gmt":"2026-03-08T00:35:46","slug":"pantalon-corto-deportivo-classic-fit","status":"publish","type":"product","link":"https:\/\/grupotextil.es\/ca\/product\/pantalon-corto-deportivo-classic-fit\/","title":{"rendered":"Trouser corto deportivo Classic Fit"},"content":{"rendered":"<ul>\n<li>80 g\/m\u00b2<\/li>\n<li>100% poli\u00e9ster<\/li>\n<li>Forro: 100% poli\u00e9ster<\/li>\n<li>Transpirable<\/li>\n<li>Cintura el\u00e1stica con cord\u00f3n<\/li>\n<li>2 bolsillos laterales<\/li>\n<li>Aberturas laterales<\/li>\n<li>Etiqueta tejida<\/li>\n<\/ul>","protected":false},"excerpt":{"rendered":"<p>80 g\/m\u00b2100% poli\u00e9sterForro: 100% poli\u00e9sterTranspirableCintura el\u00e1stica con cord\u00f3n2 bolsillos lateralesAberturas lateralesEtiqueta tejida<\/p>","protected":false},"featured_media":407789,"comment_status":"open","ping_status":"closed","template":"","meta":{"_acf_changed":false},"product_brand":[11672],"product_cat":[13948,13954,13939,13974,13930,13975,13973],"product_tag":[],"class_list":{"0":"post-351856","1":"product","2":"type-product","3":"status-publish","4":"has-post-thumbnail","6":"product_brand-kustom-kit","7":"product_cat-accesorios","8":"product_cat-acc-bolsas-y-mochilas","9":"product_cat-deportivo","10":"product_cat-ropa-hombre","11":"product_cat-laboral","12":"product_cat-ropa-mujer","13":"product_cat-ropa","14":"tm-no-options","16":"first","17":"instock","18":"taxable","19":"shipping-taxable","20":"product-type-variable"},"acf":[],"_links":{"self":[{"href":"https:\/\/grupotextil.es\/ca\/wp-json\/wp\/v2\/product\/351856","targetHints":{"allow":["GET"]}}],"collection":[{"href":"https:\/\/grupotextil.es\/ca\/wp-json\/wp\/v2\/product"}],"about":[{"href":"https:\/\/grupotextil.es\/ca\/wp-json\/wp\/v2\/types\/product"}],"replies":[{"embeddable":true,"href":"https:\/\/grupotextil.es\/ca\/wp-json\/wp\/v2\/comments?post=351856"}],"wp:featuredmedia":[{"embeddable":true,"href":"https:\/\/grupotextil.es\/ca\/wp-json\/wp\/v2\/media\/407789"}],"wp:attachment":[{"href":"https:\/\/grupotextil.es\/ca\/wp-json\/wp\/v2\/media?parent=351856"}],"wp:term":[{"taxonomy":"product_brand","embeddable":true,"href":"https:\/\/grupotextil.es\/ca\/wp-json\/wp\/v2\/product_brand?post=351856"},{"taxonomy":"product_cat","embeddable":true,"href":"https:\/\/grupotextil.es\/ca\/wp-json\/wp\/v2\/product_cat?post=351856"},{"taxonomy":"product_tag","embeddable":true,"href":"https:\/\/grupotextil.es\/ca\/wp-json\/wp\/v2\/product_tag?post=351856"}],"curies":[{"name":"wp","href":"https:\/\/api.w.org\/{rel}","templated":true}]}}