{"id":351871,"date":"2026-03-08T01:35:46","date_gmt":"2026-03-08T00:35:46","guid":{"rendered":"https:\/\/grupotextil.es\/producto\/mochila-heritage-lona-encerada\/"},"modified":"2026-03-08T01:35:46","modified_gmt":"2026-03-08T00:35:46","slug":"mochila-heritage-lona-encerada","status":"publish","type":"product","link":"https:\/\/grupotextil.es\/ca\/product\/mochila-heritage-lona-encerada\/","title":{"rendered":"Mochila Heritage lona encerada"},"content":{"rendered":"<ul>\n<li>100% algod\u00f3n (lona encerada)<\/li>\n<li>Totalmente forrado<\/li>\n<li>Asa y correas de hombro ajustablesy acolchadas<\/li>\n<li>Panel trasero acolchado<\/li>\n<li>Compartimiento principal con cremallera, compatible con port\u00e1tiles de hasta 15.6<\/li>\n<li>Cierre de clip<\/li>\n<li>Bolsillo interno<\/li>\n<li>Acabados en lat\u00f3n antiguo y detalles en cuero genuino.<\/li>\n<li>Etiqueta extra\u00edble (TearAway) para facilitar el rebranding<\/li>\n<li>Capacidad: 9 litros<\/li>\n<li>Dimensiones: 30 x 40 x 14 cm<\/li>\n<li>Max. bordado: 15 aro tubular<\/li>\n<li>Max. \u00c1rea de impresi\u00f3n: 22 x 16 cm<\/li>\n<li>Debido a c\u00f3mo es el tejido, es normal que aparezcan marcas y cambios de color con el tiempo, lo que le confiere un car\u00e1cter \u00fanico.<\/li>\n<li>CUIDADO: Para garantizar la durabilidad del revestimiento resistente al agua, use agua fr\u00eda y un pa\u00f1o limpio para limpiar suavemente la superficie. No utilice detergente.<\/li>\n<\/ul>","protected":false},"excerpt":{"rendered":"<p>100% algod\u00f3n (lona encerada)Totalmente forradoAsa y correas de hombro ajustablesy acolchadasPanel trasero acolchadoCompartimiento principal con cremallera, compatible con port\u00e1tiles de hasta 15.6Ci&#8230;<\/p>","protected":false},"featured_media":407797,"comment_status":"open","ping_status":"closed","template":"","meta":{"_acf_changed":false},"product_brand":[11657],"product_cat":[13948,13954,13939,13974,13930,13975,13973],"product_tag":[],"class_list":{"0":"post-351871","1":"product","2":"type-product","3":"status-publish","4":"has-post-thumbnail","6":"product_brand-quadra","7":"product_cat-accesorios","8":"product_cat-acc-bolsas-y-mochilas","9":"product_cat-deportivo","10":"product_cat-ropa-hombre","11":"product_cat-laboral","12":"product_cat-ropa-mujer","13":"product_cat-ropa","14":"tm-no-options","16":"first","17":"instock","18":"taxable","19":"shipping-taxable","20":"product-type-variable"},"acf":[],"_links":{"self":[{"href":"https:\/\/grupotextil.es\/ca\/wp-json\/wp\/v2\/product\/351871","targetHints":{"allow":["GET"]}}],"collection":[{"href":"https:\/\/grupotextil.es\/ca\/wp-json\/wp\/v2\/product"}],"about":[{"href":"https:\/\/grupotextil.es\/ca\/wp-json\/wp\/v2\/types\/product"}],"replies":[{"embeddable":true,"href":"https:\/\/grupotextil.es\/ca\/wp-json\/wp\/v2\/comments?post=351871"}],"wp:featuredmedia":[{"embeddable":true,"href":"https:\/\/grupotextil.es\/ca\/wp-json\/wp\/v2\/media\/407797"}],"wp:attachment":[{"href":"https:\/\/grupotextil.es\/ca\/wp-json\/wp\/v2\/media?parent=351871"}],"wp:term":[{"taxonomy":"product_brand","embeddable":true,"href":"https:\/\/grupotextil.es\/ca\/wp-json\/wp\/v2\/product_brand?post=351871"},{"taxonomy":"product_cat","embeddable":true,"href":"https:\/\/grupotextil.es\/ca\/wp-json\/wp\/v2\/product_cat?post=351871"},{"taxonomy":"product_tag","embeddable":true,"href":"https:\/\/grupotextil.es\/ca\/wp-json\/wp\/v2\/product_tag?post=351871"}],"curies":[{"name":"wp","href":"https:\/\/api.w.org\/{rel}","templated":true}]}}