{"id":351918,"date":"2026-03-08T01:35:49","date_gmt":"2026-03-08T00:35:49","guid":{"rendered":"https:\/\/grupotextil.es\/producto\/sombrero-de-ala-ancha-marbella\/"},"modified":"2026-03-08T01:35:49","modified_gmt":"2026-03-08T00:35:49","slug":"sombrero-de-ala-ancha-marbella","status":"publish","type":"product","link":"https:\/\/grupotextil.es\/ca\/product\/sombrero-de-ala-ancha-marbella\/","title":{"rendered":"Sombrero de ala ancha Marbella"},"content":{"rendered":"<ul>\n<li>100% paja de papel<\/li>\n<li>Banda: 100% poli\u00e9ster<\/li>\n<li>Corona abovedada<\/li>\n<li>Dise\u00f1o de ala ancha<\/li>\n<li>Etiqueta extra\u00edble (TearAway)<\/li>\n<\/ul>","protected":false},"excerpt":{"rendered":"<p>100% paja de papelBanda: 100% poli\u00e9sterCorona abovedadaDise\u00f1o de ala anchaEtiqueta extra\u00edble (TearAway)<\/p>","protected":false},"featured_media":407866,"comment_status":"open","ping_status":"closed","template":"","meta":{"_acf_changed":false},"product_brand":[11655],"product_cat":[13948,13954,13939,13974,13930,13975,13973],"product_tag":[],"class_list":{"0":"post-351918","1":"product","2":"type-product","3":"status-publish","4":"has-post-thumbnail","6":"product_brand-beechfield","7":"product_cat-accesorios","8":"product_cat-acc-bolsas-y-mochilas","9":"product_cat-deportivo","10":"product_cat-ropa-hombre","11":"product_cat-laboral","12":"product_cat-ropa-mujer","13":"product_cat-ropa","14":"tm-no-options","16":"first","17":"instock","18":"taxable","19":"shipping-taxable","20":"product-type-variable"},"acf":[],"_links":{"self":[{"href":"https:\/\/grupotextil.es\/ca\/wp-json\/wp\/v2\/product\/351918","targetHints":{"allow":["GET"]}}],"collection":[{"href":"https:\/\/grupotextil.es\/ca\/wp-json\/wp\/v2\/product"}],"about":[{"href":"https:\/\/grupotextil.es\/ca\/wp-json\/wp\/v2\/types\/product"}],"replies":[{"embeddable":true,"href":"https:\/\/grupotextil.es\/ca\/wp-json\/wp\/v2\/comments?post=351918"}],"wp:featuredmedia":[{"embeddable":true,"href":"https:\/\/grupotextil.es\/ca\/wp-json\/wp\/v2\/media\/407866"}],"wp:attachment":[{"href":"https:\/\/grupotextil.es\/ca\/wp-json\/wp\/v2\/media?parent=351918"}],"wp:term":[{"taxonomy":"product_brand","embeddable":true,"href":"https:\/\/grupotextil.es\/ca\/wp-json\/wp\/v2\/product_brand?post=351918"},{"taxonomy":"product_cat","embeddable":true,"href":"https:\/\/grupotextil.es\/ca\/wp-json\/wp\/v2\/product_cat?post=351918"},{"taxonomy":"product_tag","embeddable":true,"href":"https:\/\/grupotextil.es\/ca\/wp-json\/wp\/v2\/product_tag?post=351918"}],"curies":[{"name":"wp","href":"https:\/\/api.w.org\/{rel}","templated":true}]}}