{"id":352187,"date":"2026-03-08T01:36:20","date_gmt":"2026-03-08T00:36:20","guid":{"rendered":"https:\/\/grupotextil.es\/producto\/morf-ombre\/"},"modified":"2026-03-08T01:36:20","modified_gmt":"2026-03-08T00:36:20","slug":"morf-ombre","status":"publish","type":"product","link":"https:\/\/grupotextil.es\/ca\/product\/morf-ombre\/","title":{"rendered":"Morf\u2122 Ombr\u00e9"},"content":{"rendered":"<ul>\n<li>100% poli\u00e9ster (microfibra)<\/li>\n<li>Transpirable<\/li>\n<li>Uso con fines m\u00faltiples<\/li>\n<li>Sin costuras para mayor comodidad<\/li>\n<li>Lavable a m\u00e1quina y sin necesidad de planchado<\/li>\n<\/ul>","protected":false},"excerpt":{"rendered":"<p>100% poli\u00e9ster (microfibra)TranspirableUso con fines m\u00faltiplesSin costuras para mayor comodidadLavable a m\u00e1quina y sin necesidad de planchado<\/p>","protected":false},"featured_media":408009,"comment_status":"open","ping_status":"closed","template":"","meta":{"_acf_changed":false},"product_brand":[11655],"product_cat":[13948,13954,13939,13974,13930,13975,13973],"product_tag":[],"class_list":{"0":"post-352187","1":"product","2":"type-product","3":"status-publish","4":"has-post-thumbnail","6":"product_brand-beechfield","7":"product_cat-accesorios","8":"product_cat-acc-bolsas-y-mochilas","9":"product_cat-deportivo","10":"product_cat-ropa-hombre","11":"product_cat-laboral","12":"product_cat-ropa-mujer","13":"product_cat-ropa","14":"tm-no-options","16":"first","17":"instock","18":"taxable","19":"shipping-taxable","20":"product-type-variable"},"acf":[],"_links":{"self":[{"href":"https:\/\/grupotextil.es\/ca\/wp-json\/wp\/v2\/product\/352187","targetHints":{"allow":["GET"]}}],"collection":[{"href":"https:\/\/grupotextil.es\/ca\/wp-json\/wp\/v2\/product"}],"about":[{"href":"https:\/\/grupotextil.es\/ca\/wp-json\/wp\/v2\/types\/product"}],"replies":[{"embeddable":true,"href":"https:\/\/grupotextil.es\/ca\/wp-json\/wp\/v2\/comments?post=352187"}],"wp:featuredmedia":[{"embeddable":true,"href":"https:\/\/grupotextil.es\/ca\/wp-json\/wp\/v2\/media\/408009"}],"wp:attachment":[{"href":"https:\/\/grupotextil.es\/ca\/wp-json\/wp\/v2\/media?parent=352187"}],"wp:term":[{"taxonomy":"product_brand","embeddable":true,"href":"https:\/\/grupotextil.es\/ca\/wp-json\/wp\/v2\/product_brand?post=352187"},{"taxonomy":"product_cat","embeddable":true,"href":"https:\/\/grupotextil.es\/ca\/wp-json\/wp\/v2\/product_cat?post=352187"},{"taxonomy":"product_tag","embeddable":true,"href":"https:\/\/grupotextil.es\/ca\/wp-json\/wp\/v2\/product_tag?post=352187"}],"curies":[{"name":"wp","href":"https:\/\/api.w.org\/{rel}","templated":true}]}}