{"id":352239,"date":"2026-03-08T01:36:23","date_gmt":"2026-03-08T00:36:23","guid":{"rendered":"https:\/\/grupotextil.es\/producto\/mochila-roll-top-q-tech-charge\/"},"modified":"2026-03-08T01:36:23","modified_gmt":"2026-03-08T00:36:23","slug":"mochila-roll-top-q-tech-charge","status":"publish","type":"product","link":"https:\/\/grupotextil.es\/ca\/product\/mochila-roll-top-q-tech-charge\/","title":{"rendered":"Mochila Roll-Top Q-Tech Charge"},"content":{"rendered":"<ul>\n<li>100% poli\u00e9ster (650D)<\/li>\n<li>Correas de hombro ajustables y acolchadas<\/li>\n<li>Panel trasero acolchado ergon\u00f3mico con bolsillo de cremallera<\/li>\n<li>Compartimento acolchado para port\u00e1til, compatible hasta 15.6<\/li>\n<li>Sistema de cierre de clip seguro<\/li>\n<li>Bolsillo frontal con cremallera con secci\u00f3n organizadora<\/li>\n<li>Bolsillo lateral con cremallera<\/li>\n<li>M\u00faltiples bolsillos internos<\/li>\n<li>Puerto de carga USB integrado, bolsillo para bater\u00eda externa<\/li>\n<li>Etiqueta extra\u00edble (TearAway) para facilitar el rebranding<\/li>\n<li>Capacidad: 22 litros<\/li>\n<li>Medidas: 31 x 45 x 17 cm.<\/li>\n<li>Max. bordado: 18 aro tubular<\/li>\n<li>Max. \u00c1rea de impresi\u00f3n: 23 x 24 cm.<\/li>\n<\/ul>","protected":false},"excerpt":{"rendered":"<p>100% poli\u00e9ster (650D)Correas de hombro ajustables y acolchadasPanel trasero acolchado ergon\u00f3mico con bolsillo de cremalleraCompartimento acolchado para port\u00e1til, compatible hasta 15.6Sistema de cie&#8230;<\/p>","protected":false},"featured_media":408086,"comment_status":"open","ping_status":"closed","template":"","meta":{"_acf_changed":false},"product_brand":[11657],"product_cat":[13948,13954,13939,13974,13930,13975,13973],"product_tag":[],"class_list":{"0":"post-352239","1":"product","2":"type-product","3":"status-publish","4":"has-post-thumbnail","6":"product_brand-quadra","7":"product_cat-accesorios","8":"product_cat-acc-bolsas-y-mochilas","9":"product_cat-deportivo","10":"product_cat-ropa-hombre","11":"product_cat-laboral","12":"product_cat-ropa-mujer","13":"product_cat-ropa","14":"tm-no-options","16":"first","17":"instock","18":"taxable","19":"shipping-taxable","20":"product-type-variable"},"acf":[],"_links":{"self":[{"href":"https:\/\/grupotextil.es\/ca\/wp-json\/wp\/v2\/product\/352239","targetHints":{"allow":["GET"]}}],"collection":[{"href":"https:\/\/grupotextil.es\/ca\/wp-json\/wp\/v2\/product"}],"about":[{"href":"https:\/\/grupotextil.es\/ca\/wp-json\/wp\/v2\/types\/product"}],"replies":[{"embeddable":true,"href":"https:\/\/grupotextil.es\/ca\/wp-json\/wp\/v2\/comments?post=352239"}],"wp:featuredmedia":[{"embeddable":true,"href":"https:\/\/grupotextil.es\/ca\/wp-json\/wp\/v2\/media\/408086"}],"wp:attachment":[{"href":"https:\/\/grupotextil.es\/ca\/wp-json\/wp\/v2\/media?parent=352239"}],"wp:term":[{"taxonomy":"product_brand","embeddable":true,"href":"https:\/\/grupotextil.es\/ca\/wp-json\/wp\/v2\/product_brand?post=352239"},{"taxonomy":"product_cat","embeddable":true,"href":"https:\/\/grupotextil.es\/ca\/wp-json\/wp\/v2\/product_cat?post=352239"},{"taxonomy":"product_tag","embeddable":true,"href":"https:\/\/grupotextil.es\/ca\/wp-json\/wp\/v2\/product_tag?post=352239"}],"curies":[{"name":"wp","href":"https:\/\/api.w.org\/{rel}","templated":true}]}}