{"id":352242,"date":"2026-03-08T01:36:23","date_gmt":"2026-03-08T00:36:23","guid":{"rendered":"https:\/\/grupotextil.es\/producto\/bata-de-mujer-sin-mangas-essential\/"},"modified":"2026-03-08T01:36:23","modified_gmt":"2026-03-08T00:36:23","slug":"bata-de-mujer-sin-mangas-essential","status":"publish","type":"product","link":"https:\/\/grupotextil.es\/ca\/product\/bata-de-mujer-sin-mangas-essential\/","title":{"rendered":"Bata de mujer sin mangas Essential"},"content":{"rendered":"<ul>\n<li>150 g\/m\u00b2<\/li>\n<li>65% Poli\u00e9ster (reciclado), 35% Algod\u00f3n<\/li>\n<li>Tejido ligero<\/li>\n<li>No desti\u00f1e, f\u00e1cil de cuidar, sostenible<\/li>\n<li>Corte ligeramente entallado<\/li>\n<li>Bolsillo en el pecho a la izquierda con compartimento para bol\u00edgrafo.<\/li>\n<li>Bolsillos laterales con compartimento interior oculto a la derecha<\/li>\n<li>Presilla en el bolsillo lateral para sujetar un llavero<\/li>\n<li>5 botones de presi\u00f3n<\/li>\n<li>Lavable hasta 95\u00b0C<\/li>\n<li>Limpieza en seco<\/li>\n<\/ul>","protected":false},"excerpt":{"rendered":"<p>150 g\/m\u00b265% Poli\u00e9ster (reciclado), 35% Algod\u00f3nTejido ligeroNo desti\u00f1e, f\u00e1cil de cuidar, sostenibleCorte ligeramente entalladoBolsillo en el pecho a la izquierda con compartimento para bol\u00edgrafo.<\/p>","protected":false},"featured_media":408098,"comment_status":"open","ping_status":"closed","template":"","meta":{"_acf_changed":false},"product_brand":[11673],"product_cat":[13948,13954,13939,13974,13930,13975,13973],"product_tag":[],"class_list":{"0":"post-352242","1":"product","2":"type-product","3":"status-publish","4":"has-post-thumbnail","6":"product_brand-karlowsky","7":"product_cat-accesorios","8":"product_cat-acc-bolsas-y-mochilas","9":"product_cat-deportivo","10":"product_cat-ropa-hombre","11":"product_cat-laboral","12":"product_cat-ropa-mujer","13":"product_cat-ropa","14":"tm-no-options","16":"first","17":"instock","18":"taxable","19":"shipping-taxable","20":"product-type-variable"},"acf":[],"_links":{"self":[{"href":"https:\/\/grupotextil.es\/ca\/wp-json\/wp\/v2\/product\/352242","targetHints":{"allow":["GET"]}}],"collection":[{"href":"https:\/\/grupotextil.es\/ca\/wp-json\/wp\/v2\/product"}],"about":[{"href":"https:\/\/grupotextil.es\/ca\/wp-json\/wp\/v2\/types\/product"}],"replies":[{"embeddable":true,"href":"https:\/\/grupotextil.es\/ca\/wp-json\/wp\/v2\/comments?post=352242"}],"wp:featuredmedia":[{"embeddable":true,"href":"https:\/\/grupotextil.es\/ca\/wp-json\/wp\/v2\/media\/408098"}],"wp:attachment":[{"href":"https:\/\/grupotextil.es\/ca\/wp-json\/wp\/v2\/media?parent=352242"}],"wp:term":[{"taxonomy":"product_brand","embeddable":true,"href":"https:\/\/grupotextil.es\/ca\/wp-json\/wp\/v2\/product_brand?post=352242"},{"taxonomy":"product_cat","embeddable":true,"href":"https:\/\/grupotextil.es\/ca\/wp-json\/wp\/v2\/product_cat?post=352242"},{"taxonomy":"product_tag","embeddable":true,"href":"https:\/\/grupotextil.es\/ca\/wp-json\/wp\/v2\/product_tag?post=352242"}],"curies":[{"name":"wp","href":"https:\/\/api.w.org\/{rel}","templated":true}]}}