{"id":352283,"date":"2026-03-08T01:36:25","date_gmt":"2026-03-08T00:36:25","guid":{"rendered":"https:\/\/grupotextil.es\/producto\/guantes-deportivos-softshell-sports\/"},"modified":"2026-03-08T01:36:25","modified_gmt":"2026-03-08T00:36:25","slug":"guantes-deportivos-softshell-sports","status":"publish","type":"product","link":"https:\/\/grupotextil.es\/ca\/product\/guantes-deportivos-softshell-sports\/","title":{"rendered":"Glove deportivos Softshell Sports"},"content":{"rendered":"<ul>\n<li>93% poli\u00e9ster, 7% elastano<\/li>\n<li>Tejido Softshell transpirable<\/li>\n<li>Resistente al viento, ligeros y secado r\u00e1pido<\/li>\n<li>Compatible con dispositivos con pantalla t\u00e1ctil<\/li>\n<li>Etiqueta de tela adhesiva extraible.<\/li>\n<\/ul>","protected":false},"excerpt":{"rendered":"<p>93% poli\u00e9ster, 7% elastanoTejido Softshell transpirableResistente al viento, ligeros y secado r\u00e1pidoCompatible con dispositivos con pantalla t\u00e1ctilEtiqueta de tela adhesiva extraible.<\/p>","protected":false},"featured_media":408104,"comment_status":"open","ping_status":"closed","template":"","meta":{"_acf_changed":false},"product_brand":[11655],"product_cat":[13948,13954,13939,13974,13930,13975,13973],"product_tag":[],"class_list":{"0":"post-352283","1":"product","2":"type-product","3":"status-publish","4":"has-post-thumbnail","6":"product_brand-beechfield","7":"product_cat-accesorios","8":"product_cat-acc-bolsas-y-mochilas","9":"product_cat-deportivo","10":"product_cat-ropa-hombre","11":"product_cat-laboral","12":"product_cat-ropa-mujer","13":"product_cat-ropa","14":"tm-no-options","16":"first","17":"instock","18":"taxable","19":"shipping-taxable","20":"product-type-variable"},"acf":[],"_links":{"self":[{"href":"https:\/\/grupotextil.es\/ca\/wp-json\/wp\/v2\/product\/352283","targetHints":{"allow":["GET"]}}],"collection":[{"href":"https:\/\/grupotextil.es\/ca\/wp-json\/wp\/v2\/product"}],"about":[{"href":"https:\/\/grupotextil.es\/ca\/wp-json\/wp\/v2\/types\/product"}],"replies":[{"embeddable":true,"href":"https:\/\/grupotextil.es\/ca\/wp-json\/wp\/v2\/comments?post=352283"}],"wp:featuredmedia":[{"embeddable":true,"href":"https:\/\/grupotextil.es\/ca\/wp-json\/wp\/v2\/media\/408104"}],"wp:attachment":[{"href":"https:\/\/grupotextil.es\/ca\/wp-json\/wp\/v2\/media?parent=352283"}],"wp:term":[{"taxonomy":"product_brand","embeddable":true,"href":"https:\/\/grupotextil.es\/ca\/wp-json\/wp\/v2\/product_brand?post=352283"},{"taxonomy":"product_cat","embeddable":true,"href":"https:\/\/grupotextil.es\/ca\/wp-json\/wp\/v2\/product_cat?post=352283"},{"taxonomy":"product_tag","embeddable":true,"href":"https:\/\/grupotextil.es\/ca\/wp-json\/wp\/v2\/product_tag?post=352283"}],"curies":[{"name":"wp","href":"https:\/\/api.w.org\/{rel}","templated":true}]}}