{"id":352312,"date":"2026-03-08T01:36:26","date_gmt":"2026-03-08T00:36:26","guid":{"rendered":"https:\/\/grupotextil.es\/producto\/pantalon-corto-basketball-quick-dry\/"},"modified":"2026-03-08T01:36:26","modified_gmt":"2026-03-08T00:36:26","slug":"pantalon-corto-basketball-quick-dry","status":"publish","type":"product","link":"https:\/\/grupotextil.es\/ca\/product\/pantalon-corto-basketball-quick-dry\/","title":{"rendered":"Trouser corto Basketball Quick Dry"},"content":{"rendered":"<ul>\n<li>145 g\/m\u00b2<\/li>\n<li>100% poli\u00e9ster (tela jacquard)<\/li>\n<li>Extremadamente ligero y con tratamiento QuickDri<\/li>\n<li>Transpirable<\/li>\n<li>Cintura el\u00e1stica con cord\u00f3n<\/li>\n<li>Banda lateral en color contrastado<\/li>\n<li>Corte alargado<\/li>\n<li>Ajuste Comfort en estilo baggy tradicional<\/li>\n<li>Combinable con el producto 105.33 (S278M) Camiseta Baloncesto Quick Dry<\/li>\n<li>COLORES DESCATALOGADOS: Se retiran 1 colores de la colecci\u00f3n Falk&amp;Ross (Todav\u00eda est\u00e1n en el portfolio del fabricante).<\/li>\n<\/ul>","protected":false},"excerpt":{"rendered":"<p>145 g\/m\u00b2100% poli\u00e9ster (tela jacquard)Extremadamente ligero y con tratamiento QuickDriTranspirableCintura el\u00e1stica con cord\u00f3nBanda lateral en color contrastadoCorte alargadoAjuste Comfort en estilo&#8230;<\/p>","protected":false},"featured_media":408136,"comment_status":"open","ping_status":"closed","template":"","meta":{"_acf_changed":false},"product_brand":[11669],"product_cat":[13954,13939,13950,13932,13930,13975,13973],"product_tag":[],"class_list":{"0":"post-352312","1":"product","2":"type-product","3":"status-publish","4":"has-post-thumbnail","6":"product_brand-result","7":"product_cat-acc-bolsas-y-mochilas","8":"product_cat-deportivo","9":"product_cat-gorros-y-beanies","10":"product_cat-hosteleria-horeca","11":"product_cat-laboral","12":"product_cat-ropa-mujer","13":"product_cat-ropa","14":"tm-no-options","16":"first","17":"instock","18":"taxable","19":"shipping-taxable","20":"product-type-variable"},"acf":[],"_links":{"self":[{"href":"https:\/\/grupotextil.es\/ca\/wp-json\/wp\/v2\/product\/352312","targetHints":{"allow":["GET"]}}],"collection":[{"href":"https:\/\/grupotextil.es\/ca\/wp-json\/wp\/v2\/product"}],"about":[{"href":"https:\/\/grupotextil.es\/ca\/wp-json\/wp\/v2\/types\/product"}],"replies":[{"embeddable":true,"href":"https:\/\/grupotextil.es\/ca\/wp-json\/wp\/v2\/comments?post=352312"}],"wp:featuredmedia":[{"embeddable":true,"href":"https:\/\/grupotextil.es\/ca\/wp-json\/wp\/v2\/media\/408136"}],"wp:attachment":[{"href":"https:\/\/grupotextil.es\/ca\/wp-json\/wp\/v2\/media?parent=352312"}],"wp:term":[{"taxonomy":"product_brand","embeddable":true,"href":"https:\/\/grupotextil.es\/ca\/wp-json\/wp\/v2\/product_brand?post=352312"},{"taxonomy":"product_cat","embeddable":true,"href":"https:\/\/grupotextil.es\/ca\/wp-json\/wp\/v2\/product_cat?post=352312"},{"taxonomy":"product_tag","embeddable":true,"href":"https:\/\/grupotextil.es\/ca\/wp-json\/wp\/v2\/product_tag?post=352312"}],"curies":[{"name":"wp","href":"https:\/\/api.w.org\/{rel}","templated":true}]}}