{"id":352345,"date":"2026-03-08T01:36:27","date_gmt":"2026-03-08T00:36:27","guid":{"rendered":"https:\/\/grupotextil.es\/producto\/bandolera-camarero-con-tirador-de-cinturon\/"},"modified":"2026-03-08T01:36:27","modified_gmt":"2026-03-08T00:36:27","slug":"bandolera-camarero-con-tirador-de-cinturon","status":"publish","type":"product","link":"https:\/\/grupotextil.es\/ca\/product\/bandolera-camarero-con-tirador-de-cinturon\/","title":{"rendered":"Bandolera camarero con tirador de cintur\u00f3n"},"content":{"rendered":"<ul>\n<li>100% poli\u00e9ster<\/li>\n<li>Perfecto para usar en restaurantes, cafeter\u00edas y bares<\/li>\n<li>Gran compartimento principal para guardar lectores de tarjetas de cr\u00e9dito y EC, dispositivos m\u00f3viles u otros utensilios<\/li>\n<li>Peque\u00f1o bolsillo para libretas o smartphones<\/li>\n<li>Compartimento para bol\u00edgrafos y l\u00e1pices<\/li>\n<li>Con tirador de cintur\u00f3n (6 cm) para fijar a delantales y cinturones<\/li>\n<li>Medidas: 16 x 22 cm<\/li>\n<\/ul>","protected":false},"excerpt":{"rendered":"<p>100% poli\u00e9sterPerfecto para usar en restaurantes, cafeter\u00edas y baresGran compartimento principal para guardar lectores de tarjetas de cr\u00e9dito y EC, dispositivos m\u00f3viles u otros utensiliosPeque\u00f1o bolsi<\/p>","protected":false},"featured_media":408148,"comment_status":"open","ping_status":"closed","template":"","meta":{"_acf_changed":false},"product_brand":[11673],"product_cat":[13954,13939,13950,13932,13930,13975,13973],"product_tag":[],"class_list":{"0":"post-352345","1":"product","2":"type-product","3":"status-publish","4":"has-post-thumbnail","6":"product_brand-karlowsky","7":"product_cat-acc-bolsas-y-mochilas","8":"product_cat-deportivo","9":"product_cat-gorros-y-beanies","10":"product_cat-hosteleria-horeca","11":"product_cat-laboral","12":"product_cat-ropa-mujer","13":"product_cat-ropa","14":"tm-no-options","16":"first","17":"instock","18":"taxable","19":"shipping-taxable","20":"product-type-variable"},"acf":[],"_links":{"self":[{"href":"https:\/\/grupotextil.es\/ca\/wp-json\/wp\/v2\/product\/352345","targetHints":{"allow":["GET"]}}],"collection":[{"href":"https:\/\/grupotextil.es\/ca\/wp-json\/wp\/v2\/product"}],"about":[{"href":"https:\/\/grupotextil.es\/ca\/wp-json\/wp\/v2\/types\/product"}],"replies":[{"embeddable":true,"href":"https:\/\/grupotextil.es\/ca\/wp-json\/wp\/v2\/comments?post=352345"}],"wp:featuredmedia":[{"embeddable":true,"href":"https:\/\/grupotextil.es\/ca\/wp-json\/wp\/v2\/media\/408148"}],"wp:attachment":[{"href":"https:\/\/grupotextil.es\/ca\/wp-json\/wp\/v2\/media?parent=352345"}],"wp:term":[{"taxonomy":"product_brand","embeddable":true,"href":"https:\/\/grupotextil.es\/ca\/wp-json\/wp\/v2\/product_brand?post=352345"},{"taxonomy":"product_cat","embeddable":true,"href":"https:\/\/grupotextil.es\/ca\/wp-json\/wp\/v2\/product_cat?post=352345"},{"taxonomy":"product_tag","embeddable":true,"href":"https:\/\/grupotextil.es\/ca\/wp-json\/wp\/v2\/product_tag?post=352345"}],"curies":[{"name":"wp","href":"https:\/\/api.w.org\/{rel}","templated":true}]}}