{"id":352360,"date":"2026-03-08T01:36:29","date_gmt":"2026-03-08T00:36:29","guid":{"rendered":"https:\/\/grupotextil.es\/producto\/cartera-camareros-con-boton-de-presion\/"},"modified":"2026-03-08T01:36:29","modified_gmt":"2026-03-08T00:36:29","slug":"cartera-camareros-con-boton-de-presion","status":"publish","type":"product","link":"https:\/\/grupotextil.es\/ca\/product\/cartera-camareros-con-boton-de-presion\/","title":{"rendered":"Cartera camareros con bot\u00f3n de presi\u00f3n"},"content":{"rendered":"<ul>\n<li>100% poli\u00e9ster<\/li>\n<li>Cartera robusta y pr\u00e1ctica para una jornada laboral exigente<\/li>\n<li>5 grandes compartimentos para billetes (adecuados para todos los formatos de billetes internacionales comunes)<\/li>\n<li>Compartimento interno con cremallera para billetes grandes, recibos, monedas y mucho m\u00e1s<\/li>\n<li>Bot\u00f3n de presi\u00f3n para abrir y cerrar r\u00e1pidamente<\/li>\n<li>F\u00e1cil de personalizar mediante serigraf\u00eda<\/li>\n<li>Medidas: 19 x 11,5 cm<\/li>\n<\/ul>","protected":false},"excerpt":{"rendered":"<p>100% poli\u00e9sterCartera robusta y pr\u00e1ctica para una jornada laboral exigente5 grandes compartimentos para billetes (adecuados para todos los formatos de billetes internacionales comunes)Compartimento in<\/p>","protected":false},"featured_media":408167,"comment_status":"open","ping_status":"closed","template":"","meta":{"_acf_changed":false},"product_brand":[11673],"product_cat":[13954,13939,13950,13932,13930,13975,13973],"product_tag":[],"class_list":{"0":"post-352360","1":"product","2":"type-product","3":"status-publish","4":"has-post-thumbnail","6":"product_brand-karlowsky","7":"product_cat-acc-bolsas-y-mochilas","8":"product_cat-deportivo","9":"product_cat-gorros-y-beanies","10":"product_cat-hosteleria-horeca","11":"product_cat-laboral","12":"product_cat-ropa-mujer","13":"product_cat-ropa","14":"tm-no-options","16":"first","17":"instock","18":"taxable","19":"shipping-taxable","20":"product-type-variable"},"acf":[],"_links":{"self":[{"href":"https:\/\/grupotextil.es\/ca\/wp-json\/wp\/v2\/product\/352360","targetHints":{"allow":["GET"]}}],"collection":[{"href":"https:\/\/grupotextil.es\/ca\/wp-json\/wp\/v2\/product"}],"about":[{"href":"https:\/\/grupotextil.es\/ca\/wp-json\/wp\/v2\/types\/product"}],"replies":[{"embeddable":true,"href":"https:\/\/grupotextil.es\/ca\/wp-json\/wp\/v2\/comments?post=352360"}],"wp:featuredmedia":[{"embeddable":true,"href":"https:\/\/grupotextil.es\/ca\/wp-json\/wp\/v2\/media\/408167"}],"wp:attachment":[{"href":"https:\/\/grupotextil.es\/ca\/wp-json\/wp\/v2\/media?parent=352360"}],"wp:term":[{"taxonomy":"product_brand","embeddable":true,"href":"https:\/\/grupotextil.es\/ca\/wp-json\/wp\/v2\/product_brand?post=352360"},{"taxonomy":"product_cat","embeddable":true,"href":"https:\/\/grupotextil.es\/ca\/wp-json\/wp\/v2\/product_cat?post=352360"},{"taxonomy":"product_tag","embeddable":true,"href":"https:\/\/grupotextil.es\/ca\/wp-json\/wp\/v2\/product_tag?post=352360"}],"curies":[{"name":"wp","href":"https:\/\/api.w.org\/{rel}","templated":true}]}}