{"id":352473,"date":"2026-03-08T01:36:41","date_gmt":"2026-03-08T00:36:41","guid":{"rendered":"https:\/\/grupotextil.es\/producto\/funda-portatil-13-essemtial\/"},"modified":"2026-03-08T01:36:41","modified_gmt":"2026-03-08T00:36:41","slug":"funda-portatil-13-essemtial","status":"publish","type":"product","link":"https:\/\/grupotextil.es\/ca\/product\/funda-portatil-13-essemtial\/","title":{"rendered":"Funda Port\u00e1til 13 Essemtial"},"content":{"rendered":"<ul>\n<li>100% poli\u00e9ster (600D)<\/li>\n<li>Recubrimiento suave al tacto<\/li>\n<li>Compartimento principal acolchado con cremallera, compatible con port\u00e1tiles de hasta 13<\/li>\n<li>Bolsillo delantero<\/li>\n<li>Dise\u00f1o moderno<\/li>\n<li>Etiqueta extra\u00edble TearAway para facilitar el rebranding<\/li>\n<li>Capacidad: 1.5 litros<\/li>\n<li>Medidas: 34 x 23 x 2 cm.<\/li>\n<li>Max. bordado: 9 aro tubular<\/li>\n<li>Max. \u00c1rea de impresi\u00f3n: 30 x 14 cm (se puede decorar en la parte delantera y trasera).<\/li>\n<\/ul>","protected":false},"excerpt":{"rendered":"<p>100% poli\u00e9ster (600D)Recubrimiento suave al tactoCompartimento principal acolchado con cremallera, compatible con port\u00e1tiles de hasta 13Bolsillo delanteroDise\u00f1o modernoEtiqueta extra\u00edble TearAway p&#8230;<\/p>","protected":false},"featured_media":408287,"comment_status":"open","ping_status":"closed","template":"","meta":{"_acf_changed":false},"product_brand":[11668],"product_cat":[13954,13939,13950,13932,13930,13975,13973],"product_tag":[],"class_list":{"0":"post-352473","1":"product","2":"type-product","3":"status-publish","4":"has-post-thumbnail","6":"product_brand-bag-base","7":"product_cat-acc-bolsas-y-mochilas","8":"product_cat-deportivo","9":"product_cat-gorros-y-beanies","10":"product_cat-hosteleria-horeca","11":"product_cat-laboral","12":"product_cat-ropa-mujer","13":"product_cat-ropa","14":"tm-no-options","16":"first","17":"instock","18":"taxable","19":"shipping-taxable","20":"product-type-variable"},"acf":[],"_links":{"self":[{"href":"https:\/\/grupotextil.es\/ca\/wp-json\/wp\/v2\/product\/352473","targetHints":{"allow":["GET"]}}],"collection":[{"href":"https:\/\/grupotextil.es\/ca\/wp-json\/wp\/v2\/product"}],"about":[{"href":"https:\/\/grupotextil.es\/ca\/wp-json\/wp\/v2\/types\/product"}],"replies":[{"embeddable":true,"href":"https:\/\/grupotextil.es\/ca\/wp-json\/wp\/v2\/comments?post=352473"}],"wp:featuredmedia":[{"embeddable":true,"href":"https:\/\/grupotextil.es\/ca\/wp-json\/wp\/v2\/media\/408287"}],"wp:attachment":[{"href":"https:\/\/grupotextil.es\/ca\/wp-json\/wp\/v2\/media?parent=352473"}],"wp:term":[{"taxonomy":"product_brand","embeddable":true,"href":"https:\/\/grupotextil.es\/ca\/wp-json\/wp\/v2\/product_brand?post=352473"},{"taxonomy":"product_cat","embeddable":true,"href":"https:\/\/grupotextil.es\/ca\/wp-json\/wp\/v2\/product_cat?post=352473"},{"taxonomy":"product_tag","embeddable":true,"href":"https:\/\/grupotextil.es\/ca\/wp-json\/wp\/v2\/product_tag?post=352473"}],"curies":[{"name":"wp","href":"https:\/\/api.w.org\/{rel}","templated":true}]}}