{"id":352628,"date":"2026-03-08T01:36:50","date_gmt":"2026-03-08T00:36:50","guid":{"rendered":"https:\/\/grupotextil.es\/producto\/essential-cotton-t-2\/"},"modified":"2026-03-08T01:36:50","modified_gmt":"2026-03-08T00:36:50","slug":"essential-cotton-t-2","status":"publish","type":"product","link":"https:\/\/grupotextil.es\/ca\/product\/essential-cotton-t-2\/","title":{"rendered":"Essential Cotton T"},"content":{"rendered":"<ul>\n<li>150 g\/m\u00b2<\/li>\n<li>100% algod\u00f3n peinado ring-spun<\/li>\n<li>Athletic Heather: 90 % algod\u00f3n (algod\u00f3n peinado hilado en ring-spun ), 10 % poli\u00e9ster (reciclado)<\/li>\n<li>Cuello redondo con canal\u00e9 el\u00e1stico.<\/li>\n<li>Etiqueta extra\u00edble en la parte trasera del cuello.<\/li>\n<li>Cinta de hombro a hombro<\/li>\n<li>Superficie lisa y jersey de alta densidad para una claridad de impresi\u00f3n excepcional<\/li>\n<li>Ajuste cl\u00e1sico<\/li>\n<\/ul>","protected":false},"excerpt":{"rendered":"<p>150 g\/m\u00b2100% algod\u00f3n peinado ring-spunAthletic Heather: 90 % algod\u00f3n (algod\u00f3n peinado hilado en ring-spun ), 10 % poli\u00e9ster (reciclado)Cuello redondo con canal\u00e9 el\u00e1stico.<\/p>","protected":false},"featured_media":408366,"comment_status":"open","ping_status":"closed","template":"","meta":{"_acf_changed":false},"product_brand":[11674],"product_cat":[13931,13977,13986,13974,13930,13975,13973],"product_tag":[],"class_list":{"0":"post-352628","1":"product","2":"type-product","3":"status-publish","4":"has-post-thumbnail","6":"product_brand-jerzees","7":"product_cat-rl-alta-visibilidad","8":"product_cat-h-camisetas-manga-corta","9":"product_cat-m-camisetas-manga-corta","10":"product_cat-ropa-hombre","11":"product_cat-laboral","12":"product_cat-ropa-mujer","13":"product_cat-ropa","14":"tm-no-options","16":"first","17":"instock","18":"taxable","19":"shipping-taxable","20":"product-type-variable"},"acf":[],"_links":{"self":[{"href":"https:\/\/grupotextil.es\/ca\/wp-json\/wp\/v2\/product\/352628","targetHints":{"allow":["GET"]}}],"collection":[{"href":"https:\/\/grupotextil.es\/ca\/wp-json\/wp\/v2\/product"}],"about":[{"href":"https:\/\/grupotextil.es\/ca\/wp-json\/wp\/v2\/types\/product"}],"replies":[{"embeddable":true,"href":"https:\/\/grupotextil.es\/ca\/wp-json\/wp\/v2\/comments?post=352628"}],"wp:featuredmedia":[{"embeddable":true,"href":"https:\/\/grupotextil.es\/ca\/wp-json\/wp\/v2\/media\/408366"}],"wp:attachment":[{"href":"https:\/\/grupotextil.es\/ca\/wp-json\/wp\/v2\/media?parent=352628"}],"wp:term":[{"taxonomy":"product_brand","embeddable":true,"href":"https:\/\/grupotextil.es\/ca\/wp-json\/wp\/v2\/product_brand?post=352628"},{"taxonomy":"product_cat","embeddable":true,"href":"https:\/\/grupotextil.es\/ca\/wp-json\/wp\/v2\/product_cat?post=352628"},{"taxonomy":"product_tag","embeddable":true,"href":"https:\/\/grupotextil.es\/ca\/wp-json\/wp\/v2\/product_tag?post=352628"}],"curies":[{"name":"wp","href":"https:\/\/api.w.org\/{rel}","templated":true}]}}