{"id":352702,"date":"2026-03-08T01:37:07","date_gmt":"2026-03-08T00:37:07","guid":{"rendered":"https:\/\/grupotextil.es\/producto\/acid-washed-heavy-oversize-tee-2\/"},"modified":"2026-03-08T01:37:07","modified_gmt":"2026-03-08T00:37:07","slug":"acid-washed-heavy-oversize-tee-2","status":"publish","type":"product","link":"https:\/\/grupotextil.es\/ca\/product\/acid-washed-heavy-oversize-tee-2\/","title":{"rendered":"Acid Washed Heavy Oversizedd Tee"},"content":{"rendered":"<ul>\n<li>240 g\/m\u00b2<\/li>\n<li>100% algod\u00f3n<\/li>\n<li>Cuello redondo cl\u00e1sico acanalado.<\/li>\n<li>Hombros ligeramente ca\u00eddos<\/li>\n<li>Aspecto de lavado \u00e1cido &#8211; Puede haber diferencias en el color. No se puede garantizar uniformidad. Variaciones en el dise\u00f1o no se consideran una deficiencia.<\/li>\n<li>Corte oversize y relajado<\/li>\n<li>Puede perfeccionarse a\u00fan m\u00e1s mediante serigraf\u00eda, estampado flocado o bordado.<\/li>\n<\/ul>","protected":false},"excerpt":{"rendered":"<p>240 g\/m\u00b2100% algod\u00f3nCuello redondo cl\u00e1sico acanalado.Hombros ligeramente ca\u00eddosAspecto de lavado \u00e1cido &#8211; Puede haber diferencias en el color. No se puede garantizar uniformidad.<\/p>","protected":false},"featured_media":408367,"comment_status":"open","ping_status":"closed","template":"","meta":{"_acf_changed":false},"product_brand":[11675],"product_cat":[13931,13986,13977,13974,13930,13975,13973],"product_tag":[14009],"class_list":{"0":"post-352702","1":"product","2":"type-product","3":"status-publish","4":"has-post-thumbnail","6":"product_brand-build-your-brand","7":"product_cat-rl-alta-visibilidad","8":"product_cat-m-camisetas-manga-corta","9":"product_cat-h-camisetas-manga-corta","10":"product_cat-ropa-hombre","11":"product_cat-laboral","12":"product_cat-ropa-mujer","13":"product_cat-ropa","14":"product_tag-top-ventas","15":"tm-no-options","17":"first","18":"instock","19":"taxable","20":"shipping-taxable","21":"product-type-variable"},"acf":[],"_links":{"self":[{"href":"https:\/\/grupotextil.es\/ca\/wp-json\/wp\/v2\/product\/352702","targetHints":{"allow":["GET"]}}],"collection":[{"href":"https:\/\/grupotextil.es\/ca\/wp-json\/wp\/v2\/product"}],"about":[{"href":"https:\/\/grupotextil.es\/ca\/wp-json\/wp\/v2\/types\/product"}],"replies":[{"embeddable":true,"href":"https:\/\/grupotextil.es\/ca\/wp-json\/wp\/v2\/comments?post=352702"}],"wp:featuredmedia":[{"embeddable":true,"href":"https:\/\/grupotextil.es\/ca\/wp-json\/wp\/v2\/media\/408367"}],"wp:attachment":[{"href":"https:\/\/grupotextil.es\/ca\/wp-json\/wp\/v2\/media?parent=352702"}],"wp:term":[{"taxonomy":"product_brand","embeddable":true,"href":"https:\/\/grupotextil.es\/ca\/wp-json\/wp\/v2\/product_brand?post=352702"},{"taxonomy":"product_cat","embeddable":true,"href":"https:\/\/grupotextil.es\/ca\/wp-json\/wp\/v2\/product_cat?post=352702"},{"taxonomy":"product_tag","embeddable":true,"href":"https:\/\/grupotextil.es\/ca\/wp-json\/wp\/v2\/product_tag?post=352702"}],"curies":[{"name":"wp","href":"https:\/\/api.w.org\/{rel}","templated":true}]}}