{"id":353645,"date":"2026-03-08T01:38:42","date_gmt":"2026-03-08T00:38:42","guid":{"rendered":"https:\/\/grupotextil.es\/producto\/ladies-extended-shoulder-tee-2\/"},"modified":"2026-03-08T01:38:42","modified_gmt":"2026-03-08T00:38:42","slug":"ladies-extended-shoulder-tee-2","status":"publish","type":"product","link":"https:\/\/grupotextil.es\/ca\/product\/ladies-extended-shoulder-tee-2\/","title":{"rendered":"Ladies Extended Shoulder Tee"},"content":{"rendered":"<ul>\n<li>140 g\/m\u00b2<\/li>\n<li>100% Algod\u00f3n, Jersey Sencillo<\/li>\n<li>Escote redondo<\/li>\n<li>Costuras laterales<\/li>\n<li>Corte largo<\/li>\n<li>Adecuado para serigraf\u00eda o impresi\u00f3n flexible.<\/li>\n<\/ul>","protected":false},"excerpt":{"rendered":"<p>140 g\/m\u00b2100% Algod\u00f3n, Jersey SencilloEscote redondoCosturas lateralesCorte largoAdecuado para serigraf\u00eda o impresi\u00f3n flexible.<\/p>","protected":false},"featured_media":408511,"comment_status":"open","ping_status":"closed","template":"","meta":{"_acf_changed":false},"product_brand":[11675],"product_cat":[13931,13986,13977,13974,13930,13975,13973],"product_tag":[],"class_list":{"0":"post-353645","1":"product","2":"type-product","3":"status-publish","4":"has-post-thumbnail","6":"product_brand-build-your-brand","7":"product_cat-rl-alta-visibilidad","8":"product_cat-m-camisetas-manga-corta","9":"product_cat-h-camisetas-manga-corta","10":"product_cat-ropa-hombre","11":"product_cat-laboral","12":"product_cat-ropa-mujer","13":"product_cat-ropa","14":"tm-no-options","16":"first","17":"instock","18":"taxable","19":"shipping-taxable","20":"product-type-variable"},"acf":[],"_links":{"self":[{"href":"https:\/\/grupotextil.es\/ca\/wp-json\/wp\/v2\/product\/353645","targetHints":{"allow":["GET"]}}],"collection":[{"href":"https:\/\/grupotextil.es\/ca\/wp-json\/wp\/v2\/product"}],"about":[{"href":"https:\/\/grupotextil.es\/ca\/wp-json\/wp\/v2\/types\/product"}],"replies":[{"embeddable":true,"href":"https:\/\/grupotextil.es\/ca\/wp-json\/wp\/v2\/comments?post=353645"}],"wp:featuredmedia":[{"embeddable":true,"href":"https:\/\/grupotextil.es\/ca\/wp-json\/wp\/v2\/media\/408511"}],"wp:attachment":[{"href":"https:\/\/grupotextil.es\/ca\/wp-json\/wp\/v2\/media?parent=353645"}],"wp:term":[{"taxonomy":"product_brand","embeddable":true,"href":"https:\/\/grupotextil.es\/ca\/wp-json\/wp\/v2\/product_brand?post=353645"},{"taxonomy":"product_cat","embeddable":true,"href":"https:\/\/grupotextil.es\/ca\/wp-json\/wp\/v2\/product_cat?post=353645"},{"taxonomy":"product_tag","embeddable":true,"href":"https:\/\/grupotextil.es\/ca\/wp-json\/wp\/v2\/product_tag?post=353645"}],"curies":[{"name":"wp","href":"https:\/\/api.w.org\/{rel}","templated":true}]}}