{"id":354489,"date":"2026-03-08T01:40:10","date_gmt":"2026-03-08T00:40:10","guid":{"rendered":"https:\/\/grupotextil.es\/producto\/gorro-con-parche-y-pompom\/"},"modified":"2026-03-08T01:40:10","modified_gmt":"2026-03-08T00:40:10","slug":"gorro-con-parche-y-pompom","status":"publish","type":"product","link":"https:\/\/grupotextil.es\/ca\/product\/gorro-con-parche-y-pompom\/","title":{"rendered":"Beanie con Parche y Pompom"},"content":{"rendered":"<ul>\n<li>100% poli\u00e9ster reciclado<\/li>\n<li>Parche de sarga de algod\u00f3n para decoraci\u00f3n<\/li>\n<li>Pomp\u00f3n de un solo color<\/li>\n<li>Forro de microfibra para mayor comodidad y calidez.<\/li>\n<li>Max. \u00e1rea de impresi\u00f3n: 5 x 5cm<\/li>\n<\/ul>","protected":false},"excerpt":{"rendered":"<p>100% poli\u00e9ster recicladoParche de sarga de algod\u00f3n para decoraci\u00f3nPomp\u00f3n de un solo colorForro de microfibra para mayor comodidad y calidez.<\/p>","protected":false},"featured_media":408683,"comment_status":"open","ping_status":"closed","template":"","meta":{"_acf_changed":false},"product_brand":[11655],"product_cat":[13931,13986,13977,13974,13930,13975,13973],"product_tag":[],"class_list":{"0":"post-354489","1":"product","2":"type-product","3":"status-publish","4":"has-post-thumbnail","6":"product_brand-beechfield","7":"product_cat-rl-alta-visibilidad","8":"product_cat-m-camisetas-manga-corta","9":"product_cat-h-camisetas-manga-corta","10":"product_cat-ropa-hombre","11":"product_cat-laboral","12":"product_cat-ropa-mujer","13":"product_cat-ropa","14":"tm-no-options","16":"first","17":"instock","18":"taxable","19":"shipping-taxable","20":"product-type-variable"},"acf":[],"_links":{"self":[{"href":"https:\/\/grupotextil.es\/ca\/wp-json\/wp\/v2\/product\/354489","targetHints":{"allow":["GET"]}}],"collection":[{"href":"https:\/\/grupotextil.es\/ca\/wp-json\/wp\/v2\/product"}],"about":[{"href":"https:\/\/grupotextil.es\/ca\/wp-json\/wp\/v2\/types\/product"}],"replies":[{"embeddable":true,"href":"https:\/\/grupotextil.es\/ca\/wp-json\/wp\/v2\/comments?post=354489"}],"wp:featuredmedia":[{"embeddable":true,"href":"https:\/\/grupotextil.es\/ca\/wp-json\/wp\/v2\/media\/408683"}],"wp:attachment":[{"href":"https:\/\/grupotextil.es\/ca\/wp-json\/wp\/v2\/media?parent=354489"}],"wp:term":[{"taxonomy":"product_brand","embeddable":true,"href":"https:\/\/grupotextil.es\/ca\/wp-json\/wp\/v2\/product_brand?post=354489"},{"taxonomy":"product_cat","embeddable":true,"href":"https:\/\/grupotextil.es\/ca\/wp-json\/wp\/v2\/product_cat?post=354489"},{"taxonomy":"product_tag","embeddable":true,"href":"https:\/\/grupotextil.es\/ca\/wp-json\/wp\/v2\/product_tag?post=354489"}],"curies":[{"name":"wp","href":"https:\/\/api.w.org\/{rel}","templated":true}]}}