{"id":354516,"date":"2026-03-08T01:40:12","date_gmt":"2026-03-08T00:40:12","guid":{"rendered":"https:\/\/grupotextil.es\/producto\/camiseta-impact-softex-mujer\/"},"modified":"2026-03-08T01:40:12","modified_gmt":"2026-03-08T00:40:12","slug":"camiseta-impact-softex-mujer","status":"publish","type":"product","link":"https:\/\/grupotextil.es\/ca\/product\/camiseta-impact-softex-mujer\/","title":{"rendered":"Camiseta Impact Softex\u00ae mujer"},"content":{"rendered":"<ul>\n<li>160 g\/m\u00b2<\/li>\n<li>85% poli\u00e9ster, 15% elastano<\/li>\n<li>Tacto melocot\u00f3n<\/li>\n<li>Secado r\u00e1pido<\/li>\n<li>Cuello redondo<\/li>\n<li>Mangas set-in<\/li>\n<li>Costuras laterales<\/li>\n<li>Corte femenino.<\/li>\n<li>DESCATALOGADO: Este modelo se retira de la colecci\u00f3n de Falk&amp;Ross (todav\u00eda aparece en el porfolio de la marca).<\/li>\n<\/ul>","protected":false},"excerpt":{"rendered":"<p>160 g\/m\u00b285% poli\u00e9ster, 15% elastanoTacto melocot\u00f3nSecado r\u00e1pidoCuello redondoMangas set-inCosturas lateralesCorte femenino.<\/p>","protected":false},"featured_media":408703,"comment_status":"open","ping_status":"closed","template":"","meta":{"_acf_changed":false},"product_brand":[11669],"product_cat":[13931,13977,13986,13974,13930,13975,13973],"product_tag":[],"class_list":{"0":"post-354516","1":"product","2":"type-product","3":"status-publish","4":"has-post-thumbnail","6":"product_brand-result","7":"product_cat-rl-alta-visibilidad","8":"product_cat-h-camisetas-manga-corta","9":"product_cat-m-camisetas-manga-corta","10":"product_cat-ropa-hombre","11":"product_cat-laboral","12":"product_cat-ropa-mujer","13":"product_cat-ropa","14":"tm-no-options","16":"first","17":"instock","18":"taxable","19":"shipping-taxable","20":"product-type-variable"},"acf":[],"_links":{"self":[{"href":"https:\/\/grupotextil.es\/ca\/wp-json\/wp\/v2\/product\/354516","targetHints":{"allow":["GET"]}}],"collection":[{"href":"https:\/\/grupotextil.es\/ca\/wp-json\/wp\/v2\/product"}],"about":[{"href":"https:\/\/grupotextil.es\/ca\/wp-json\/wp\/v2\/types\/product"}],"replies":[{"embeddable":true,"href":"https:\/\/grupotextil.es\/ca\/wp-json\/wp\/v2\/comments?post=354516"}],"wp:featuredmedia":[{"embeddable":true,"href":"https:\/\/grupotextil.es\/ca\/wp-json\/wp\/v2\/media\/408703"}],"wp:attachment":[{"href":"https:\/\/grupotextil.es\/ca\/wp-json\/wp\/v2\/media?parent=354516"}],"wp:term":[{"taxonomy":"product_brand","embeddable":true,"href":"https:\/\/grupotextil.es\/ca\/wp-json\/wp\/v2\/product_brand?post=354516"},{"taxonomy":"product_cat","embeddable":true,"href":"https:\/\/grupotextil.es\/ca\/wp-json\/wp\/v2\/product_cat?post=354516"},{"taxonomy":"product_tag","embeddable":true,"href":"https:\/\/grupotextil.es\/ca\/wp-json\/wp\/v2\/product_tag?post=354516"}],"curies":[{"name":"wp","href":"https:\/\/api.w.org\/{rel}","templated":true}]}}