{"id":354536,"date":"2026-03-08T01:40:13","date_gmt":"2026-03-08T00:40:13","guid":{"rendered":"https:\/\/grupotextil.es\/producto\/ladies-turtle-extended-shoulder-dress-2\/"},"modified":"2026-03-08T01:40:13","modified_gmt":"2026-03-08T00:40:13","slug":"ladies-turtle-extended-shoulder-dress-2","status":"publish","type":"product","link":"https:\/\/grupotextil.es\/ca\/product\/ladies-turtle-extended-shoulder-dress-2\/","title":{"rendered":"Ladies Turtle Extended Shoulder Dress"},"content":{"rendered":"<ul>\n<li>200 g\/m\u00b2<\/li>\n<li>100% Algod\u00f3n, Jersey Sencillo<\/li>\n<li>Vestido estilo camiseta con hombros descubiertos<\/li>\n<li>Minicuello alto<\/li>\n<li>Mangas elevadas<\/li>\n<li>Ideal para serigraf\u00eda y impresi\u00f3n flex.<\/li>\n<\/ul>","protected":false},"excerpt":{"rendered":"<p>200 g\/m\u00b2100% Algod\u00f3n, Jersey SencilloVestido estilo camiseta con hombros descubiertosMinicuello altoMangas elevadasIdeal para serigraf\u00eda y impresi\u00f3n flex.<\/p>","protected":false},"featured_media":408707,"comment_status":"open","ping_status":"closed","template":"","meta":{"_acf_changed":false},"product_brand":[11675],"product_cat":[13931,13977,13986,13974,13930,13975,13973],"product_tag":[],"class_list":{"0":"post-354536","1":"product","2":"type-product","3":"status-publish","4":"has-post-thumbnail","6":"product_brand-build-your-brand","7":"product_cat-rl-alta-visibilidad","8":"product_cat-h-camisetas-manga-corta","9":"product_cat-m-camisetas-manga-corta","10":"product_cat-ropa-hombre","11":"product_cat-laboral","12":"product_cat-ropa-mujer","13":"product_cat-ropa","14":"tm-no-options","16":"first","17":"instock","18":"taxable","19":"shipping-taxable","20":"product-type-variable"},"acf":[],"_links":{"self":[{"href":"https:\/\/grupotextil.es\/ca\/wp-json\/wp\/v2\/product\/354536","targetHints":{"allow":["GET"]}}],"collection":[{"href":"https:\/\/grupotextil.es\/ca\/wp-json\/wp\/v2\/product"}],"about":[{"href":"https:\/\/grupotextil.es\/ca\/wp-json\/wp\/v2\/types\/product"}],"replies":[{"embeddable":true,"href":"https:\/\/grupotextil.es\/ca\/wp-json\/wp\/v2\/comments?post=354536"}],"wp:featuredmedia":[{"embeddable":true,"href":"https:\/\/grupotextil.es\/ca\/wp-json\/wp\/v2\/media\/408707"}],"wp:attachment":[{"href":"https:\/\/grupotextil.es\/ca\/wp-json\/wp\/v2\/media?parent=354536"}],"wp:term":[{"taxonomy":"product_brand","embeddable":true,"href":"https:\/\/grupotextil.es\/ca\/wp-json\/wp\/v2\/product_brand?post=354536"},{"taxonomy":"product_cat","embeddable":true,"href":"https:\/\/grupotextil.es\/ca\/wp-json\/wp\/v2\/product_cat?post=354536"},{"taxonomy":"product_tag","embeddable":true,"href":"https:\/\/grupotextil.es\/ca\/wp-json\/wp\/v2\/product_tag?post=354536"}],"curies":[{"name":"wp","href":"https:\/\/api.w.org\/{rel}","templated":true}]}}