{"id":354555,"date":"2026-03-08T01:40:13","date_gmt":"2026-03-08T00:40:13","guid":{"rendered":"https:\/\/grupotextil.es\/producto\/camiseta-organica-luxury-hombre\/"},"modified":"2026-03-08T01:40:13","modified_gmt":"2026-03-08T00:40:13","slug":"camiseta-organica-luxury-hombre","status":"publish","type":"product","link":"https:\/\/grupotextil.es\/ca\/product\/camiseta-organica-luxury-hombre\/","title":{"rendered":"Camiseta org\u00e1nico Luxury hombre"},"content":{"rendered":"<ul>\n<li>160 g\/m\u00b2<\/li>\n<li>100% algod\u00f3n org\u00e1nico peinado ring-spun (single jersey)<\/li>\n<li>Algod\u00f3n de fibra larga<\/li>\n<li>Algod\u00f3n doble encogido<\/li>\n<li>Lavado con encimas<\/li>\n<li>Encintado de hombro a hombro<\/li>\n<li>Doble puntada<\/li>\n<li>Corte ajustado<\/li>\n<\/ul>","protected":false},"excerpt":{"rendered":"<p>160 g\/m\u00b2100% algod\u00f3n org\u00e1nico peinado ring-spun (single jersey)Algod\u00f3n de fibra largaAlgod\u00f3n doble encogidoLavado con encimasEncintado de hombro a hombroDoble puntadaCorte ajustado<\/p>","protected":false},"featured_media":408708,"comment_status":"open","ping_status":"closed","template":"","meta":{"_acf_changed":false},"product_brand":[11671],"product_cat":[13931,13977,13986,13974,13930,13975,13973],"product_tag":[],"class_list":{"0":"post-354555","1":"product","2":"type-product","3":"status-publish","4":"has-post-thumbnail","6":"product_brand-tee-jays","7":"product_cat-rl-alta-visibilidad","8":"product_cat-h-camisetas-manga-corta","9":"product_cat-m-camisetas-manga-corta","10":"product_cat-ropa-hombre","11":"product_cat-laboral","12":"product_cat-ropa-mujer","13":"product_cat-ropa","14":"tm-no-options","16":"first","17":"instock","18":"taxable","19":"shipping-taxable","20":"product-type-variable"},"acf":[],"_links":{"self":[{"href":"https:\/\/grupotextil.es\/ca\/wp-json\/wp\/v2\/product\/354555","targetHints":{"allow":["GET"]}}],"collection":[{"href":"https:\/\/grupotextil.es\/ca\/wp-json\/wp\/v2\/product"}],"about":[{"href":"https:\/\/grupotextil.es\/ca\/wp-json\/wp\/v2\/types\/product"}],"replies":[{"embeddable":true,"href":"https:\/\/grupotextil.es\/ca\/wp-json\/wp\/v2\/comments?post=354555"}],"wp:featuredmedia":[{"embeddable":true,"href":"https:\/\/grupotextil.es\/ca\/wp-json\/wp\/v2\/media\/408708"}],"wp:attachment":[{"href":"https:\/\/grupotextil.es\/ca\/wp-json\/wp\/v2\/media?parent=354555"}],"wp:term":[{"taxonomy":"product_brand","embeddable":true,"href":"https:\/\/grupotextil.es\/ca\/wp-json\/wp\/v2\/product_brand?post=354555"},{"taxonomy":"product_cat","embeddable":true,"href":"https:\/\/grupotextil.es\/ca\/wp-json\/wp\/v2\/product_cat?post=354555"},{"taxonomy":"product_tag","embeddable":true,"href":"https:\/\/grupotextil.es\/ca\/wp-json\/wp\/v2\/product_tag?post=354555"}],"curies":[{"name":"wp","href":"https:\/\/api.w.org\/{rel}","templated":true}]}}