{"id":355033,"date":"2026-03-08T01:40:46","date_gmt":"2026-03-08T00:40:46","guid":{"rendered":"https:\/\/grupotextil.es\/producto\/camiseta-fashion-fit-ringer\/"},"modified":"2026-03-08T01:40:46","modified_gmt":"2026-03-08T00:40:46","slug":"camiseta-fashion-fit-ringer","status":"publish","type":"product","link":"https:\/\/grupotextil.es\/ca\/product\/camiseta-fashion-fit-ringer\/","title":{"rendered":"T-Shirt Fashion Fit Ringer"},"content":{"rendered":"<ul>\n<li>160 g\/m\u00b2<\/li>\n<li>65% poli\u00e9ster, 35% algod\u00f3n<\/li>\n<li>Cuello encintado de hombro a hombro<\/li>\n<li>Cuello y pu\u00f1o en canal\u00e9 1&#215;1 con doble capa de color contrastado<\/li>\n<li>Dobladillo con puntada de doble aguja<\/li>\n<li>Etiqueta extra\u00edble<\/li>\n<\/ul>","protected":false},"excerpt":{"rendered":"<p>160 g\/m\u00b265% poli\u00e9ster, 35% algod\u00f3nCuello encintado de hombro a hombroCuello y pu\u00f1o en canal\u00e9 1&#215;1 con doble capa de color contrastadoDobladillo con puntada de doble agujaEtiqueta extra\u00edble<\/p>","protected":false},"featured_media":408806,"comment_status":"open","ping_status":"closed","template":"","meta":{"_acf_changed":false},"product_brand":[11672],"product_cat":[13931,13977,13986,13974,13930,13975,13973],"product_tag":[],"class_list":{"0":"post-355033","1":"product","2":"type-product","3":"status-publish","4":"has-post-thumbnail","6":"product_brand-kustom-kit","7":"product_cat-rl-alta-visibilidad","8":"product_cat-h-camisetas-manga-corta","9":"product_cat-m-camisetas-manga-corta","10":"product_cat-ropa-hombre","11":"product_cat-laboral","12":"product_cat-ropa-mujer","13":"product_cat-ropa","14":"tm-no-options","16":"first","17":"instock","18":"taxable","19":"shipping-taxable","20":"product-type-variable"},"acf":[],"_links":{"self":[{"href":"https:\/\/grupotextil.es\/ca\/wp-json\/wp\/v2\/product\/355033","targetHints":{"allow":["GET"]}}],"collection":[{"href":"https:\/\/grupotextil.es\/ca\/wp-json\/wp\/v2\/product"}],"about":[{"href":"https:\/\/grupotextil.es\/ca\/wp-json\/wp\/v2\/types\/product"}],"replies":[{"embeddable":true,"href":"https:\/\/grupotextil.es\/ca\/wp-json\/wp\/v2\/comments?post=355033"}],"wp:featuredmedia":[{"embeddable":true,"href":"https:\/\/grupotextil.es\/ca\/wp-json\/wp\/v2\/media\/408806"}],"wp:attachment":[{"href":"https:\/\/grupotextil.es\/ca\/wp-json\/wp\/v2\/media?parent=355033"}],"wp:term":[{"taxonomy":"product_brand","embeddable":true,"href":"https:\/\/grupotextil.es\/ca\/wp-json\/wp\/v2\/product_brand?post=355033"},{"taxonomy":"product_cat","embeddable":true,"href":"https:\/\/grupotextil.es\/ca\/wp-json\/wp\/v2\/product_cat?post=355033"},{"taxonomy":"product_tag","embeddable":true,"href":"https:\/\/grupotextil.es\/ca\/wp-json\/wp\/v2\/product_tag?post=355033"}],"curies":[{"name":"wp","href":"https:\/\/api.w.org\/{rel}","templated":true}]}}