{"id":355117,"date":"2026-03-08T01:40:50","date_gmt":"2026-03-08T00:40:50","guid":{"rendered":"https:\/\/grupotextil.es\/producto\/camiseta-fashion-manga-larga\/"},"modified":"2026-03-08T01:40:50","modified_gmt":"2026-03-08T00:40:50","slug":"camiseta-fashion-manga-larga","status":"publish","type":"product","link":"https:\/\/grupotextil.es\/ca\/product\/camiseta-fashion-manga-larga\/","title":{"rendered":"T-Shirt Fashion Long Sleeve"},"content":{"rendered":"<ul>\n<li>185 g\/m\u00b2<\/li>\n<li>100% algod\u00f3n, ringspun y peinado<\/li>\n<li>Doble algod\u00f3n preencogido<\/li>\n<li>Cinta del cuello hombro a hombro<\/li>\n<li>Cuello de 2 capas con elastano<\/li>\n<li>Pu\u00f1os el\u00e1sticos<\/li>\n<li>Doble cosido.<\/li>\n<\/ul>","protected":false},"excerpt":{"rendered":"<p>185 g\/m\u00b2100% algod\u00f3n, ringspun y peinadoDoble algod\u00f3n preencogidoCinta del cuello hombro a hombroCuello de 2 capas con elastanoPu\u00f1os el\u00e1sticosDoble cosido.<\/p>","protected":false},"featured_media":408815,"comment_status":"open","ping_status":"closed","template":"","meta":{"_acf_changed":false},"product_brand":[11671],"product_cat":[13931,13977,13986,13974,13930,13975,13973],"product_tag":[],"class_list":{"0":"post-355117","1":"product","2":"type-product","3":"status-publish","4":"has-post-thumbnail","6":"product_brand-tee-jays","7":"product_cat-rl-alta-visibilidad","8":"product_cat-h-camisetas-manga-corta","9":"product_cat-m-camisetas-manga-corta","10":"product_cat-ropa-hombre","11":"product_cat-laboral","12":"product_cat-ropa-mujer","13":"product_cat-ropa","14":"tm-no-options","16":"first","17":"instock","18":"taxable","19":"shipping-taxable","20":"product-type-variable"},"acf":[],"_links":{"self":[{"href":"https:\/\/grupotextil.es\/ca\/wp-json\/wp\/v2\/product\/355117","targetHints":{"allow":["GET"]}}],"collection":[{"href":"https:\/\/grupotextil.es\/ca\/wp-json\/wp\/v2\/product"}],"about":[{"href":"https:\/\/grupotextil.es\/ca\/wp-json\/wp\/v2\/types\/product"}],"replies":[{"embeddable":true,"href":"https:\/\/grupotextil.es\/ca\/wp-json\/wp\/v2\/comments?post=355117"}],"wp:featuredmedia":[{"embeddable":true,"href":"https:\/\/grupotextil.es\/ca\/wp-json\/wp\/v2\/media\/408815"}],"wp:attachment":[{"href":"https:\/\/grupotextil.es\/ca\/wp-json\/wp\/v2\/media?parent=355117"}],"wp:term":[{"taxonomy":"product_brand","embeddable":true,"href":"https:\/\/grupotextil.es\/ca\/wp-json\/wp\/v2\/product_brand?post=355117"},{"taxonomy":"product_cat","embeddable":true,"href":"https:\/\/grupotextil.es\/ca\/wp-json\/wp\/v2\/product_cat?post=355117"},{"taxonomy":"product_tag","embeddable":true,"href":"https:\/\/grupotextil.es\/ca\/wp-json\/wp\/v2\/product_tag?post=355117"}],"curies":[{"name":"wp","href":"https:\/\/api.w.org\/{rel}","templated":true}]}}