{"id":355229,"date":"2026-03-08T01:41:02","date_gmt":"2026-03-08T00:41:02","guid":{"rendered":"https:\/\/grupotextil.es\/producto\/camiseta-de-trabajo-heavy-duty\/"},"modified":"2026-03-08T01:41:02","modified_gmt":"2026-03-08T00:41:02","slug":"camiseta-de-trabajo-heavy-duty","status":"publish","type":"product","link":"https:\/\/grupotextil.es\/ca\/product\/camiseta-de-trabajo-heavy-duty\/","title":{"rendered":"T-Shirt de trabajo Heavy Duty"},"content":{"rendered":"<ul>\n<li>180 g\/m\u00b2<\/li>\n<li>100% algod\u00f3n ring-spun peinado antibolitas<\/li>\n<li>Light Oxford: 93% algod\u00f3n, 7% viscosa<\/li>\n<li>Cuello en canal\u00e9 estrecho<\/li>\n<li>Encintado en cuello<\/li>\n<li>Canes\u00fa doble que mejora la durabilidad<\/li>\n<li>Costura doble en bajo de manga<\/li>\n<li>Lavable a m\u00e1quina hasta 60\u00baC<\/li>\n<li>Apto para secadora<\/li>\n<li>Apropiado para fijar etiquetas identificativas<\/li>\n<\/ul>","protected":false},"excerpt":{"rendered":"<p>180 g\/m\u00b2100% algod\u00f3n ring-spun peinado antibolitasLight Oxford: 93% algod\u00f3n, 7% viscosaCuello en canal\u00e9 estrechoEncintado en cuelloCanes\u00fa doble que mejora la durabilidadCostura doble en bajo de mangaL<\/p>","protected":false},"featured_media":408883,"comment_status":"open","ping_status":"closed","template":"","meta":{"_acf_changed":false},"product_brand":[11670],"product_cat":[13931,13986,13977,13974,13930,13975,13973],"product_tag":[],"class_list":{"0":"post-355229","1":"product","2":"type-product","3":"status-publish","4":"has-post-thumbnail","6":"product_brand-russell-europe","7":"product_cat-rl-alta-visibilidad","8":"product_cat-m-camisetas-manga-corta","9":"product_cat-h-camisetas-manga-corta","10":"product_cat-ropa-hombre","11":"product_cat-laboral","12":"product_cat-ropa-mujer","13":"product_cat-ropa","14":"tm-no-options","16":"first","17":"instock","18":"taxable","19":"shipping-taxable","20":"product-type-variable"},"acf":[],"_links":{"self":[{"href":"https:\/\/grupotextil.es\/ca\/wp-json\/wp\/v2\/product\/355229","targetHints":{"allow":["GET"]}}],"collection":[{"href":"https:\/\/grupotextil.es\/ca\/wp-json\/wp\/v2\/product"}],"about":[{"href":"https:\/\/grupotextil.es\/ca\/wp-json\/wp\/v2\/types\/product"}],"replies":[{"embeddable":true,"href":"https:\/\/grupotextil.es\/ca\/wp-json\/wp\/v2\/comments?post=355229"}],"wp:featuredmedia":[{"embeddable":true,"href":"https:\/\/grupotextil.es\/ca\/wp-json\/wp\/v2\/media\/408883"}],"wp:attachment":[{"href":"https:\/\/grupotextil.es\/ca\/wp-json\/wp\/v2\/media?parent=355229"}],"wp:term":[{"taxonomy":"product_brand","embeddable":true,"href":"https:\/\/grupotextil.es\/ca\/wp-json\/wp\/v2\/product_brand?post=355229"},{"taxonomy":"product_cat","embeddable":true,"href":"https:\/\/grupotextil.es\/ca\/wp-json\/wp\/v2\/product_cat?post=355229"},{"taxonomy":"product_tag","embeddable":true,"href":"https:\/\/grupotextil.es\/ca\/wp-json\/wp\/v2\/product_tag?post=355229"}],"curies":[{"name":"wp","href":"https:\/\/api.w.org\/{rel}","templated":true}]}}