{"id":355467,"date":"2026-03-08T01:41:11","date_gmt":"2026-03-08T00:41:11","guid":{"rendered":"https:\/\/grupotextil.es\/producto\/ladies-oversized-acid-wash-2\/"},"modified":"2026-03-08T01:41:11","modified_gmt":"2026-03-08T00:41:11","slug":"ladies-oversized-acid-wash-2","status":"publish","type":"product","link":"https:\/\/grupotextil.es\/ca\/product\/ladies-oversized-acid-wash-2\/","title":{"rendered":"Ladies Oversizedd Acid Wash"},"content":{"rendered":"<ul>\n<li>220 g\/m\u00b2<\/li>\n<li>100% algod\u00f3n<\/li>\n<li>Cuello redondo<\/li>\n<li>Hombros ca\u00eddos<\/li>\n<li>Aspecto de lavado \u00e1cido &#8211; Puede haber diferencias en el color. No se puede garantizar uniformidad. Variaciones en el dise\u00f1o no se consideran una deficiencia.<\/li>\n<li>Corte oversize para un estilo boyfriend moderno.<\/li>\n<\/ul>","protected":false},"excerpt":{"rendered":"<p>220 g\/m\u00b2100% algod\u00f3nCuello redondoHombros ca\u00eddosAspecto de lavado \u00e1cido &#8211; Puede haber diferencias en el color. No se puede garantizar uniformidad.<\/p>","protected":false},"featured_media":408940,"comment_status":"open","ping_status":"closed","template":"","meta":{"_acf_changed":false},"product_brand":[11675],"product_cat":[13931,13977,13986,13974,13930,13975,13973],"product_tag":[],"class_list":{"0":"post-355467","1":"product","2":"type-product","3":"status-publish","4":"has-post-thumbnail","6":"product_brand-build-your-brand","7":"product_cat-rl-alta-visibilidad","8":"product_cat-h-camisetas-manga-corta","9":"product_cat-m-camisetas-manga-corta","10":"product_cat-ropa-hombre","11":"product_cat-laboral","12":"product_cat-ropa-mujer","13":"product_cat-ropa","14":"tm-no-options","16":"first","17":"instock","18":"taxable","19":"shipping-taxable","20":"product-type-variable"},"acf":[],"_links":{"self":[{"href":"https:\/\/grupotextil.es\/ca\/wp-json\/wp\/v2\/product\/355467","targetHints":{"allow":["GET"]}}],"collection":[{"href":"https:\/\/grupotextil.es\/ca\/wp-json\/wp\/v2\/product"}],"about":[{"href":"https:\/\/grupotextil.es\/ca\/wp-json\/wp\/v2\/types\/product"}],"replies":[{"embeddable":true,"href":"https:\/\/grupotextil.es\/ca\/wp-json\/wp\/v2\/comments?post=355467"}],"wp:featuredmedia":[{"embeddable":true,"href":"https:\/\/grupotextil.es\/ca\/wp-json\/wp\/v2\/media\/408940"}],"wp:attachment":[{"href":"https:\/\/grupotextil.es\/ca\/wp-json\/wp\/v2\/media?parent=355467"}],"wp:term":[{"taxonomy":"product_brand","embeddable":true,"href":"https:\/\/grupotextil.es\/ca\/wp-json\/wp\/v2\/product_brand?post=355467"},{"taxonomy":"product_cat","embeddable":true,"href":"https:\/\/grupotextil.es\/ca\/wp-json\/wp\/v2\/product_cat?post=355467"},{"taxonomy":"product_tag","embeddable":true,"href":"https:\/\/grupotextil.es\/ca\/wp-json\/wp\/v2\/product_tag?post=355467"}],"curies":[{"name":"wp","href":"https:\/\/api.w.org\/{rel}","templated":true}]}}