{"id":355877,"date":"2026-03-08T01:42:11","date_gmt":"2026-03-08T00:42:11","guid":{"rendered":"https:\/\/grupotextil.es\/producto\/camiseta-slim-nino\/"},"modified":"2026-03-08T01:42:11","modified_gmt":"2026-03-08T00:42:11","slug":"camiseta-slim-nino","status":"publish","type":"product","link":"https:\/\/grupotextil.es\/ca\/product\/camiseta-slim-nino\/","title":{"rendered":"T-Shirt Slim Kids"},"content":{"rendered":"<ul>\n<li>145 g\/m\u00b2 (blanco: 140 g\/m\u00b2)<\/li>\n<li>100% algod\u00f3n, ring-spun<\/li>\n<li>Light Oxford: 93% algod\u00f3n, 7% de viscosa<\/li>\n<li>Cuello encintado<\/li>\n<li>Cuello en canal\u00e9 1&#215;1<\/li>\n<li>Tubular<\/li>\n<li>Corte ajustado<\/li>\n<\/ul>","protected":false},"excerpt":{"rendered":"<p>145 g\/m\u00b2 (blanco: 140 g\/m\u00b2)100% algod\u00f3n, ring-spunLight Oxford: 93% algod\u00f3n, 7% de viscosaCuello encintadoCuello en canal\u00e9 1x1TubularCorte ajustado<\/p>","protected":false},"featured_media":409008,"comment_status":"open","ping_status":"closed","template":"","meta":{"_acf_changed":false},"product_brand":[11670],"product_cat":[13931,13986,13977,13974,13930,13975,13973],"product_tag":[],"class_list":{"0":"post-355877","1":"product","2":"type-product","3":"status-publish","4":"has-post-thumbnail","6":"product_brand-russell-europe","7":"product_cat-rl-alta-visibilidad","8":"product_cat-m-camisetas-manga-corta","9":"product_cat-h-camisetas-manga-corta","10":"product_cat-ropa-hombre","11":"product_cat-laboral","12":"product_cat-ropa-mujer","13":"product_cat-ropa","14":"tm-no-options","16":"first","17":"instock","18":"taxable","19":"shipping-taxable","20":"product-type-variable"},"acf":[],"_links":{"self":[{"href":"https:\/\/grupotextil.es\/ca\/wp-json\/wp\/v2\/product\/355877","targetHints":{"allow":["GET"]}}],"collection":[{"href":"https:\/\/grupotextil.es\/ca\/wp-json\/wp\/v2\/product"}],"about":[{"href":"https:\/\/grupotextil.es\/ca\/wp-json\/wp\/v2\/types\/product"}],"replies":[{"embeddable":true,"href":"https:\/\/grupotextil.es\/ca\/wp-json\/wp\/v2\/comments?post=355877"}],"wp:featuredmedia":[{"embeddable":true,"href":"https:\/\/grupotextil.es\/ca\/wp-json\/wp\/v2\/media\/409008"}],"wp:attachment":[{"href":"https:\/\/grupotextil.es\/ca\/wp-json\/wp\/v2\/media?parent=355877"}],"wp:term":[{"taxonomy":"product_brand","embeddable":true,"href":"https:\/\/grupotextil.es\/ca\/wp-json\/wp\/v2\/product_brand?post=355877"},{"taxonomy":"product_cat","embeddable":true,"href":"https:\/\/grupotextil.es\/ca\/wp-json\/wp\/v2\/product_cat?post=355877"},{"taxonomy":"product_tag","embeddable":true,"href":"https:\/\/grupotextil.es\/ca\/wp-json\/wp\/v2\/product_tag?post=355877"}],"curies":[{"name":"wp","href":"https:\/\/api.w.org\/{rel}","templated":true}]}}