{"id":356132,"date":"2026-03-08T01:42:38","date_gmt":"2026-03-08T00:42:38","guid":{"rendered":"https:\/\/grupotextil.es\/producto\/camiseta-roll-up-hombre\/"},"modified":"2026-03-08T01:42:38","modified_gmt":"2026-03-08T00:42:38","slug":"camiseta-roll-up-hombre","status":"publish","type":"product","link":"https:\/\/grupotextil.es\/ca\/product\/camiseta-roll-up-hombre\/","title":{"rendered":"Camiseta Roll-Up hombre"},"content":{"rendered":"<ul>\n<li>160 g\/m\u00b2<\/li>\n<li>100% algod\u00f3n, ringspun y peinado<\/li>\n<li>Heather Grey: 85% algod\u00f3n, 15% poli\u00e9ster<\/li>\n<li>Single jersey<\/li>\n<li>Algod\u00f3n pre-encogido<\/li>\n<li>Cuello amplio con canal\u00e9 fino<\/li>\n<li>Encintado de hombro a hombro<\/li>\n<li>Mangas enrolladas con detalle en color de contraste<\/li>\n<li>Corte c\u00f3modo<\/li>\n<\/ul>","protected":false},"excerpt":{"rendered":"<p>160 g\/m\u00b2100% algod\u00f3n, ringspun y peinadoHeather Grey: 85% algod\u00f3n, 15% poli\u00e9sterSingle jerseyAlgod\u00f3n pre-encogidoCuello amplio con canal\u00e9 finoEncintado de hombro a hombroMangas enrolladas con detalle<\/p>","protected":false},"featured_media":409033,"comment_status":"open","ping_status":"closed","template":"","meta":{"_acf_changed":false},"product_brand":[11671],"product_cat":[13931,13986,13977,13974,13930,13975,13973],"product_tag":[],"class_list":{"0":"post-356132","1":"product","2":"type-product","3":"status-publish","4":"has-post-thumbnail","6":"product_brand-tee-jays","7":"product_cat-rl-alta-visibilidad","8":"product_cat-m-camisetas-manga-corta","9":"product_cat-h-camisetas-manga-corta","10":"product_cat-ropa-hombre","11":"product_cat-laboral","12":"product_cat-ropa-mujer","13":"product_cat-ropa","14":"tm-no-options","16":"first","17":"instock","18":"taxable","19":"shipping-taxable","20":"product-type-variable"},"acf":[],"_links":{"self":[{"href":"https:\/\/grupotextil.es\/ca\/wp-json\/wp\/v2\/product\/356132","targetHints":{"allow":["GET"]}}],"collection":[{"href":"https:\/\/grupotextil.es\/ca\/wp-json\/wp\/v2\/product"}],"about":[{"href":"https:\/\/grupotextil.es\/ca\/wp-json\/wp\/v2\/types\/product"}],"replies":[{"embeddable":true,"href":"https:\/\/grupotextil.es\/ca\/wp-json\/wp\/v2\/comments?post=356132"}],"wp:featuredmedia":[{"embeddable":true,"href":"https:\/\/grupotextil.es\/ca\/wp-json\/wp\/v2\/media\/409033"}],"wp:attachment":[{"href":"https:\/\/grupotextil.es\/ca\/wp-json\/wp\/v2\/media?parent=356132"}],"wp:term":[{"taxonomy":"product_brand","embeddable":true,"href":"https:\/\/grupotextil.es\/ca\/wp-json\/wp\/v2\/product_brand?post=356132"},{"taxonomy":"product_cat","embeddable":true,"href":"https:\/\/grupotextil.es\/ca\/wp-json\/wp\/v2\/product_cat?post=356132"},{"taxonomy":"product_tag","embeddable":true,"href":"https:\/\/grupotextil.es\/ca\/wp-json\/wp\/v2\/product_tag?post=356132"}],"curies":[{"name":"wp","href":"https:\/\/api.w.org\/{rel}","templated":true}]}}